{"id":24887,"date":"2022-11-16T10:32:00","date_gmt":"2022-11-16T10:32:00","guid":{"rendered":"https:\/\/www.siemon.com\/inicio\/"},"modified":"2025-05-19T23:55:02","modified_gmt":"2025-05-19T23:55:02","slug":"inicio","status":"publish","type":"page","link":"https:\/\/www.siemon.com\/pt-br\/","title":{"rendered":"In\u00edcio"},"content":{"rendered":"&#13;\r\n<p>Esta \u00e9 uma p\u00e1gina de exemplo. \u00c9 diferente de uma postagem de blog porque ficar\u00e1 em um \u00fanico lugar e aparecer\u00e1 na navega\u00e7\u00e3o do seu site (na maioria dos temas). A maioria das pessoas come\u00e7a com uma p\u00e1gina Sobre que as apresenta aos poss\u00edveis visitantes do site. Ela pode dizer algo assim:   <\/p>&#13;\r\n&#13;\r\n<blockquote class=\"wp-block-quote is-layout-flow wp-block-quote-is-layout-flow\">&#13;\r\n<p>Ol\u00e1! Sou um mensageiro de bicicleta durante o dia, aspirante a ator \u00e0 noite e este \u00e9 o meu site. Moro em Los Angeles, tenho um \u00f3timo cachorro chamado Jack e gosto de pi\u00f1a coladas. (E de ser pego pela chuva).   <\/p>&#13;\r\n<\/blockquote>&#13;\r\n&#13;\r\n<p>&#8230;ou algo assim:<\/p>&#13;\r\n&#13;\r\n<blockquote class=\"wp-block-quote is-layout-flow wp-block-quote-is-layout-flow\">&#13;\r\n<p>A XYZ Doohickey Company foi fundada em 1971 e, desde ent\u00e3o, vem fornecendo doohickeys de qualidade ao p\u00fablico. Localizada em Gotham City, a XYZ emprega mais de 2.000 pessoas e faz todo tipo de coisas incr\u00edveis para a comunidade de Gotham. <\/p>&#13;\r\n<\/blockquote>&#13;\r\n&#13;\r\n<p>Como um novo usu\u00e1rio do WordPress, voc\u00ea deve ir ao <a href=\"https:\/\/www.siemon.com\/wp-admin\/\">painel<\/a> para excluir essa p\u00e1gina e criar novas p\u00e1ginas para o seu conte\u00fado. Divirta-se! <\/p>&#13;\r\n","protected":false},"excerpt":{"rendered":"<p>&#13; Esta \u00e9 uma p\u00e1gina de exemplo. \u00c9 diferente de uma postagem de blog porque ficar\u00e1 em um \u00fanico lugar<\/p>\n","protected":false},"author":1,"featured_media":24907,"parent":0,"menu_order":0,"comment_status":"closed","ping_status":"closed","template":"","meta":{"_acf_changed":false,"inline_featured_image":false,"footnotes":""},"class_list":["post-24887","page","type-page","status-publish","has-post-thumbnail","hentry"],"acf":[],"yoast_head":"<!-- This site is optimized with the Yoast SEO Premium plugin v26.2 (Yoast SEO v27.4) - https:\/\/yoast.com\/product\/yoast-seo-premium-wordpress\/ -->\n<title>Siemon | Solu\u00e7\u00f5es de infraestrutura de TI de alto desempenho<\/title>\n<meta name=\"description\" content=\"Solu\u00e7\u00f5es e servi\u00e7os de infraestrutura de TI de alta qualidade e alto desempenho para data centers, celulares e edif\u00edcios inteligentes, incluindo sistemas de cabeamento de cobre e fibra, gabinetes e muito mais.\" \/>\n<meta name=\"robots\" content=\"index, follow, max-snippet:-1, max-image-preview:large, max-video-preview:-1\" \/>\n<link rel=\"canonical\" href=\"https:\/\/www.siemon.com\/pt-br\/\" \/>\n<meta property=\"og:locale\" content=\"pt_BR\" \/>\n<meta property=\"og:type\" content=\"article\" \/>\n<meta property=\"og:title\" content=\"Siemon | Solu\u00e7\u00f5es de infraestrutura de TI de alto desempenho\" \/>\n<meta property=\"og:description\" content=\"Solu\u00e7\u00f5es e servi\u00e7os de infraestrutura de TI de alta qualidade e alto desempenho para data centers, celulares e edif\u00edcios inteligentes, incluindo sistemas de cabeamento de cobre e fibra, gabinetes e muito mais.\" \/>\n<meta property=\"og:url\" content=\"https:\/\/www.siemon.com\/pt-br\/\" \/>\n<meta property=\"og:site_name\" content=\"Siemon\" \/>\n<meta property=\"article:publisher\" content=\"https:\/\/www.facebook.com\/siemoncabling\" \/>\n<meta property=\"article:modified_time\" content=\"2025-05-19T23:55:02+00:00\" \/>\n<meta property=\"og:image\" content=\"https:\/\/www.siemon.com\/wp-content\/uploads\/Siemon_Homepage_Feature.jpg\" \/>\n\t<meta property=\"og:image:width\" content=\"800\" \/>\n\t<meta property=\"og:image:height\" content=\"600\" \/>\n\t<meta property=\"og:image:type\" content=\"image\/jpeg\" \/>\n<meta name=\"twitter:card\" content=\"summary_large_image\" \/>\n<meta name=\"twitter:title\" content=\"In\u00edcio\" \/>\n<meta name=\"twitter:site\" content=\"@siemon\" \/>\n<meta name=\"twitter:label1\" content=\"Est. tempo de leitura\" \/>\n\t<meta name=\"twitter:data1\" content=\"1 minuto\" \/>\n<script type=\"application\/ld+json\" class=\"yoast-schema-graph\">{\"@context\":\"https:\\\/\\\/schema.org\",\"@graph\":[{\"@type\":\"WebPage\",\"@id\":\"https:\\\/\\\/www.siemon.com\\\/pt-br\\\/\",\"url\":\"https:\\\/\\\/www.siemon.com\\\/pt-br\\\/\",\"name\":\"Siemon | Solu\u00e7\u00f5es de infraestrutura de TI de alto desempenho\",\"isPartOf\":{\"@id\":\"https:\\\/\\\/www.siemon.com\\\/pt-br\\\/#website\"},\"primaryImageOfPage\":{\"@id\":\"https:\\\/\\\/www.siemon.com\\\/pt-br\\\/#primaryimage\"},\"image\":{\"@id\":\"https:\\\/\\\/www.siemon.com\\\/pt-br\\\/#primaryimage\"},\"thumbnailUrl\":\"https:\\\/\\\/www.siemon.com\\\/wp-content\\\/uploads\\\/Siemon_Homepage_Feature.jpg\",\"datePublished\":\"2022-11-16T10:32:00+00:00\",\"dateModified\":\"2025-05-19T23:55:02+00:00\",\"description\":\"Solu\u00e7\u00f5es e servi\u00e7os de infraestrutura de TI de alta qualidade e alto desempenho para data centers, celulares e edif\u00edcios inteligentes, incluindo sistemas de cabeamento de cobre e fibra, gabinetes e muito mais.\",\"breadcrumb\":{\"@id\":\"https:\\\/\\\/www.siemon.com\\\/pt-br\\\/#breadcrumb\"},\"inLanguage\":\"pt-BR\",\"potentialAction\":[{\"@type\":\"ReadAction\",\"target\":[\"https:\\\/\\\/www.siemon.com\\\/pt-br\\\/\"]}]},{\"@type\":\"ImageObject\",\"inLanguage\":\"pt-BR\",\"@id\":\"https:\\\/\\\/www.siemon.com\\\/pt-br\\\/#primaryimage\",\"url\":\"https:\\\/\\\/www.siemon.com\\\/wp-content\\\/uploads\\\/Siemon_Homepage_Feature.jpg\",\"contentUrl\":\"https:\\\/\\\/www.siemon.com\\\/wp-content\\\/uploads\\\/Siemon_Homepage_Feature.jpg\",\"width\":800,\"height\":600},{\"@type\":\"BreadcrumbList\",\"@id\":\"https:\\\/\\\/www.siemon.com\\\/pt-br\\\/#breadcrumb\",\"itemListElement\":[{\"@type\":\"ListItem\",\"position\":1,\"name\":\"Home\",\"item\":\"https:\\\/\\\/www.siemon.com\\\/pt-br\\\/\"},{\"@type\":\"ListItem\",\"position\":2,\"name\":\"In\u00edcio\"}]},{\"@type\":\"WebSite\",\"@id\":\"https:\\\/\\\/www.siemon.com\\\/pt-br\\\/#website\",\"url\":\"https:\\\/\\\/www.siemon.com\\\/pt-br\\\/\",\"name\":\"Siemon\",\"description\":\"\",\"publisher\":{\"@id\":\"https:\\\/\\\/www.siemon.com\\\/pt-br\\\/#organization\"},\"potentialAction\":[{\"@type\":\"SearchAction\",\"target\":{\"@type\":\"EntryPoint\",\"urlTemplate\":\"https:\\\/\\\/www.siemon.com\\\/pt-br\\\/?s={search_term_string}\"},\"query-input\":{\"@type\":\"PropertyValueSpecification\",\"valueRequired\":true,\"valueName\":\"search_term_string\"}}],\"inLanguage\":\"pt-BR\"},{\"@type\":\"Organization\",\"@id\":\"https:\\\/\\\/www.siemon.com\\\/pt-br\\\/#organization\",\"name\":\"Siemon\",\"url\":\"https:\\\/\\\/www.siemon.com\\\/pt-br\\\/\",\"logo\":{\"@type\":\"ImageObject\",\"inLanguage\":\"pt-BR\",\"@id\":\"https:\\\/\\\/www.siemon.com\\\/pt-br\\\/#\\\/schema\\\/logo\\\/image\\\/\",\"url\":\"https:\\\/\\\/www.siemon.com\\\/wp-content\\\/uploads\\\/Siemon_Logo-1.jpg\",\"contentUrl\":\"https:\\\/\\\/www.siemon.com\\\/wp-content\\\/uploads\\\/Siemon_Logo-1.jpg\",\"width\":1800,\"height\":500,\"caption\":\"Siemon\"},\"image\":{\"@id\":\"https:\\\/\\\/www.siemon.com\\\/pt-br\\\/#\\\/schema\\\/logo\\\/image\\\/\"},\"sameAs\":[\"https:\\\/\\\/www.facebook.com\\\/siemoncabling\",\"https:\\\/\\\/x.com\\\/siemon\",\"https:\\\/\\\/www.youtube.com\\\/user\\\/SiemonNetworkCabling\",\"https:\\\/\\\/www.linkedin.com\\\/company\\\/the-siemon-company\\\/\",\"https:\\\/\\\/www.instagram.com\\\/siemon_company\\\/\"]}]}<\/script>\n<!-- \/ Yoast SEO Premium plugin. -->","yoast_head_json":{"title":"Siemon | Solu\u00e7\u00f5es de infraestrutura de TI de alto desempenho","description":"Solu\u00e7\u00f5es e servi\u00e7os de infraestrutura de TI de alta qualidade e alto desempenho para data centers, celulares e edif\u00edcios inteligentes, incluindo sistemas de cabeamento de cobre e fibra, gabinetes e muito mais.","robots":{"index":"index","follow":"follow","max-snippet":"max-snippet:-1","max-image-preview":"max-image-preview:large","max-video-preview":"max-video-preview:-1"},"canonical":"https:\/\/www.siemon.com\/pt-br\/","og_locale":"pt_BR","og_type":"article","og_title":"Siemon | Solu\u00e7\u00f5es de infraestrutura de TI de alto desempenho","og_description":"Solu\u00e7\u00f5es e servi\u00e7os de infraestrutura de TI de alta qualidade e alto desempenho para data centers, celulares e edif\u00edcios inteligentes, incluindo sistemas de cabeamento de cobre e fibra, gabinetes e muito mais.","og_url":"https:\/\/www.siemon.com\/pt-br\/","og_site_name":"Siemon","article_publisher":"https:\/\/www.facebook.com\/siemoncabling","article_modified_time":"2025-05-19T23:55:02+00:00","og_image":[{"width":800,"height":600,"url":"https:\/\/www.siemon.com\/wp-content\/uploads\/Siemon_Homepage_Feature.jpg","type":"image\/jpeg"}],"twitter_card":"summary_large_image","twitter_title":"In\u00edcio","twitter_site":"@siemon","twitter_misc":{"Est. tempo de leitura":"1 minuto"},"schema":{"@context":"https:\/\/schema.org","@graph":[{"@type":"WebPage","@id":"https:\/\/www.siemon.com\/pt-br\/","url":"https:\/\/www.siemon.com\/pt-br\/","name":"Siemon | Solu\u00e7\u00f5es de infraestrutura de TI de alto desempenho","isPartOf":{"@id":"https:\/\/www.siemon.com\/pt-br\/#website"},"primaryImageOfPage":{"@id":"https:\/\/www.siemon.com\/pt-br\/#primaryimage"},"image":{"@id":"https:\/\/www.siemon.com\/pt-br\/#primaryimage"},"thumbnailUrl":"https:\/\/www.siemon.com\/wp-content\/uploads\/Siemon_Homepage_Feature.jpg","datePublished":"2022-11-16T10:32:00+00:00","dateModified":"2025-05-19T23:55:02+00:00","description":"Solu\u00e7\u00f5es e servi\u00e7os de infraestrutura de TI de alta qualidade e alto desempenho para data centers, celulares e edif\u00edcios inteligentes, incluindo sistemas de cabeamento de cobre e fibra, gabinetes e muito mais.","breadcrumb":{"@id":"https:\/\/www.siemon.com\/pt-br\/#breadcrumb"},"inLanguage":"pt-BR","potentialAction":[{"@type":"ReadAction","target":["https:\/\/www.siemon.com\/pt-br\/"]}]},{"@type":"ImageObject","inLanguage":"pt-BR","@id":"https:\/\/www.siemon.com\/pt-br\/#primaryimage","url":"https:\/\/www.siemon.com\/wp-content\/uploads\/Siemon_Homepage_Feature.jpg","contentUrl":"https:\/\/www.siemon.com\/wp-content\/uploads\/Siemon_Homepage_Feature.jpg","width":800,"height":600},{"@type":"BreadcrumbList","@id":"https:\/\/www.siemon.com\/pt-br\/#breadcrumb","itemListElement":[{"@type":"ListItem","position":1,"name":"Home","item":"https:\/\/www.siemon.com\/pt-br\/"},{"@type":"ListItem","position":2,"name":"In\u00edcio"}]},{"@type":"WebSite","@id":"https:\/\/www.siemon.com\/pt-br\/#website","url":"https:\/\/www.siemon.com\/pt-br\/","name":"Siemon","description":"","publisher":{"@id":"https:\/\/www.siemon.com\/pt-br\/#organization"},"potentialAction":[{"@type":"SearchAction","target":{"@type":"EntryPoint","urlTemplate":"https:\/\/www.siemon.com\/pt-br\/?s={search_term_string}"},"query-input":{"@type":"PropertyValueSpecification","valueRequired":true,"valueName":"search_term_string"}}],"inLanguage":"pt-BR"},{"@type":"Organization","@id":"https:\/\/www.siemon.com\/pt-br\/#organization","name":"Siemon","url":"https:\/\/www.siemon.com\/pt-br\/","logo":{"@type":"ImageObject","inLanguage":"pt-BR","@id":"https:\/\/www.siemon.com\/pt-br\/#\/schema\/logo\/image\/","url":"https:\/\/www.siemon.com\/wp-content\/uploads\/Siemon_Logo-1.jpg","contentUrl":"https:\/\/www.siemon.com\/wp-content\/uploads\/Siemon_Logo-1.jpg","width":1800,"height":500,"caption":"Siemon"},"image":{"@id":"https:\/\/www.siemon.com\/pt-br\/#\/schema\/logo\/image\/"},"sameAs":["https:\/\/www.facebook.com\/siemoncabling","https:\/\/x.com\/siemon","https:\/\/www.youtube.com\/user\/SiemonNetworkCabling","https:\/\/www.linkedin.com\/company\/the-siemon-company\/","https:\/\/www.instagram.com\/siemon_company\/"]}]}},"_links":{"self":[{"href":"https:\/\/www.siemon.com\/pt-br\/wp-json\/wp\/v2\/pages\/24887","targetHints":{"allow":["GET"]}}],"collection":[{"href":"https:\/\/www.siemon.com\/pt-br\/wp-json\/wp\/v2\/pages"}],"about":[{"href":"https:\/\/www.siemon.com\/pt-br\/wp-json\/wp\/v2\/types\/page"}],"author":[{"embeddable":true,"href":"https:\/\/www.siemon.com\/pt-br\/wp-json\/wp\/v2\/users\/1"}],"replies":[{"embeddable":true,"href":"https:\/\/www.siemon.com\/pt-br\/wp-json\/wp\/v2\/comments?post=24887"}],"version-history":[{"count":0,"href":"https:\/\/www.siemon.com\/pt-br\/wp-json\/wp\/v2\/pages\/24887\/revisions"}],"wp:featuredmedia":[{"embeddable":true,"href":"https:\/\/www.siemon.com\/pt-br\/wp-json\/wp\/v2\/media\/24907"}],"wp:attachment":[{"href":"https:\/\/www.siemon.com\/pt-br\/wp-json\/wp\/v2\/media?parent=24887"}],"curies":[{"name":"wp","href":"https:\/\/api.w.org\/{rel}","templated":true}]}}