{"id":24753,"date":"2023-12-07T20:56:01","date_gmt":"2023-12-07T20:56:01","guid":{"rendered":"https:\/\/www.siemon.com\/solucoes-para-macro-cell\/"},"modified":"2025-04-11T19:18:54","modified_gmt":"2025-04-11T19:18:54","slug":"macro-cell-solutions","status":"publish","type":"page","link":"https:\/\/www.siemon.com\/pt-br\/environments\/cellular-networks\/macro-cell-solutions\/","title":{"rendered":"Solu\u00e7\u00f5es para Macro Cell"},"content":{"rendered":"","protected":false},"excerpt":{"rendered":"","protected":false},"author":2,"featured_media":24758,"parent":24754,"menu_order":3,"comment_status":"closed","ping_status":"closed","template":"","meta":{"_acf_changed":false,"inline_featured_image":false,"footnotes":""},"class_list":["post-24753","page","type-page","status-publish","has-post-thumbnail","hentry"],"acf":[],"yoast_head":"<!-- This site is optimized with the Yoast SEO Premium plugin v26.2 (Yoast SEO v27.3) - https:\/\/yoast.com\/product\/yoast-seo-premium-wordpress\/ -->\n<title>Solu\u00e7\u00f5es para macroc\u00e9lulas: Tudo o que voc\u00ea precisa saber<\/title>\n<meta name=\"description\" content=\"Experimente os benef\u00edcios das solu\u00e7\u00f5es de macroc\u00e9lulas no aumento da capacidade da rede e no fornecimento de velocidades de download mais r\u00e1pidas.\" \/>\n<meta name=\"robots\" content=\"index, follow, max-snippet:-1, max-image-preview:large, max-video-preview:-1\" \/>\n<link rel=\"canonical\" href=\"https:\/\/www.siemon.com\/pt-br\/environments\/cellular-networks\/macro-cell-solutions\/\" \/>\n<meta property=\"og:locale\" content=\"pt_BR\" \/>\n<meta property=\"og:type\" content=\"article\" \/>\n<meta property=\"og:title\" content=\"Solu\u00e7\u00f5es para Macro Cell\" \/>\n<meta property=\"og:description\" content=\"Experimente os benef\u00edcios das solu\u00e7\u00f5es de macroc\u00e9lulas no aumento da capacidade da rede e no fornecimento de velocidades de download mais r\u00e1pidas.\" \/>\n<meta property=\"og:url\" content=\"https:\/\/www.siemon.com\/pt-br\/environments\/cellular-networks\/macro-cell-solutions\/\" \/>\n<meta property=\"og:site_name\" content=\"Siemon\" \/>\n<meta property=\"article:publisher\" content=\"https:\/\/www.facebook.com\/siemoncabling\" \/>\n<meta property=\"article:modified_time\" content=\"2025-04-11T19:18:54+00:00\" \/>\n<meta property=\"og:image\" content=\"https:\/\/www.siemon.com\/wp-content\/uploads\/Siemon_cellular-networks_macro-cell-solutions_Feature.jpg\" \/>\n\t<meta property=\"og:image:width\" content=\"800\" \/>\n\t<meta property=\"og:image:height\" content=\"600\" \/>\n\t<meta property=\"og:image:type\" content=\"image\/jpeg\" \/>\n<meta name=\"twitter:card\" content=\"summary_large_image\" \/>\n<meta name=\"twitter:site\" content=\"@siemon\" \/>\n<meta name=\"twitter:label1\" content=\"Est. tempo de leitura\" \/>\n\t<meta name=\"twitter:data1\" content=\"1 minuto\" \/>\n<script type=\"application\/ld+json\" class=\"yoast-schema-graph\">{\"@context\":\"https:\\\/\\\/schema.org\",\"@graph\":[{\"@type\":\"WebPage\",\"@id\":\"https:\\\/\\\/www.siemon.com\\\/pt-br\\\/environments\\\/cellular-networks\\\/macro-cell-solutions\\\/\",\"url\":\"https:\\\/\\\/www.siemon.com\\\/pt-br\\\/environments\\\/cellular-networks\\\/macro-cell-solutions\\\/\",\"name\":\"Solu\u00e7\u00f5es para macroc\u00e9lulas: Tudo o que voc\u00ea precisa saber\",\"isPartOf\":{\"@id\":\"https:\\\/\\\/www.siemon.com\\\/pt-br\\\/#website\"},\"primaryImageOfPage\":{\"@id\":\"https:\\\/\\\/www.siemon.com\\\/pt-br\\\/environments\\\/cellular-networks\\\/macro-cell-solutions\\\/#primaryimage\"},\"image\":{\"@id\":\"https:\\\/\\\/www.siemon.com\\\/pt-br\\\/environments\\\/cellular-networks\\\/macro-cell-solutions\\\/#primaryimage\"},\"thumbnailUrl\":\"https:\\\/\\\/www.siemon.com\\\/wp-content\\\/uploads\\\/Siemon_cellular-networks_macro-cell-solutions_Feature.jpg\",\"datePublished\":\"2023-12-07T20:56:01+00:00\",\"dateModified\":\"2025-04-11T19:18:54+00:00\",\"description\":\"Experimente os benef\u00edcios das solu\u00e7\u00f5es de macroc\u00e9lulas no aumento da capacidade da rede e no fornecimento de velocidades de download mais r\u00e1pidas.\",\"breadcrumb\":{\"@id\":\"https:\\\/\\\/www.siemon.com\\\/pt-br\\\/environments\\\/cellular-networks\\\/macro-cell-solutions\\\/#breadcrumb\"},\"inLanguage\":\"pt-BR\",\"potentialAction\":[{\"@type\":\"ReadAction\",\"target\":[\"https:\\\/\\\/www.siemon.com\\\/pt-br\\\/environments\\\/cellular-networks\\\/macro-cell-solutions\\\/\"]}]},{\"@type\":\"ImageObject\",\"inLanguage\":\"pt-BR\",\"@id\":\"https:\\\/\\\/www.siemon.com\\\/pt-br\\\/environments\\\/cellular-networks\\\/macro-cell-solutions\\\/#primaryimage\",\"url\":\"https:\\\/\\\/www.siemon.com\\\/wp-content\\\/uploads\\\/Siemon_cellular-networks_macro-cell-solutions_Feature.jpg\",\"contentUrl\":\"https:\\\/\\\/www.siemon.com\\\/wp-content\\\/uploads\\\/Siemon_cellular-networks_macro-cell-solutions_Feature.jpg\",\"width\":800,\"height\":600},{\"@type\":\"BreadcrumbList\",\"@id\":\"https:\\\/\\\/www.siemon.com\\\/pt-br\\\/environments\\\/cellular-networks\\\/macro-cell-solutions\\\/#breadcrumb\",\"itemListElement\":[{\"@type\":\"ListItem\",\"position\":1,\"name\":\"Home\",\"item\":\"https:\\\/\\\/www.siemon.com\\\/pt-br\\\/\"},{\"@type\":\"ListItem\",\"position\":2,\"name\":\"Seus ambientes\",\"item\":\"https:\\\/\\\/www.siemon.com\\\/pt-br\\\/environments\\\/\"},{\"@type\":\"ListItem\",\"position\":3,\"name\":\"Redes celulares\",\"item\":\"https:\\\/\\\/www.siemon.com\\\/pt-br\\\/environments\\\/cellular-networks\\\/\"},{\"@type\":\"ListItem\",\"position\":4,\"name\":\"Solu\u00e7\u00f5es para Macro Cell\"}]},{\"@type\":\"WebSite\",\"@id\":\"https:\\\/\\\/www.siemon.com\\\/pt-br\\\/#website\",\"url\":\"https:\\\/\\\/www.siemon.com\\\/pt-br\\\/\",\"name\":\"Siemon\",\"description\":\"\",\"publisher\":{\"@id\":\"https:\\\/\\\/www.siemon.com\\\/pt-br\\\/#organization\"},\"potentialAction\":[{\"@type\":\"SearchAction\",\"target\":{\"@type\":\"EntryPoint\",\"urlTemplate\":\"https:\\\/\\\/www.siemon.com\\\/pt-br\\\/?s={search_term_string}\"},\"query-input\":{\"@type\":\"PropertyValueSpecification\",\"valueRequired\":true,\"valueName\":\"search_term_string\"}}],\"inLanguage\":\"pt-BR\"},{\"@type\":\"Organization\",\"@id\":\"https:\\\/\\\/www.siemon.com\\\/pt-br\\\/#organization\",\"name\":\"Siemon\",\"url\":\"https:\\\/\\\/www.siemon.com\\\/pt-br\\\/\",\"logo\":{\"@type\":\"ImageObject\",\"inLanguage\":\"pt-BR\",\"@id\":\"https:\\\/\\\/www.siemon.com\\\/pt-br\\\/#\\\/schema\\\/logo\\\/image\\\/\",\"url\":\"https:\\\/\\\/www.siemon.com\\\/wp-content\\\/uploads\\\/Siemon_Logo-1.jpg\",\"contentUrl\":\"https:\\\/\\\/www.siemon.com\\\/wp-content\\\/uploads\\\/Siemon_Logo-1.jpg\",\"width\":1800,\"height\":500,\"caption\":\"Siemon\"},\"image\":{\"@id\":\"https:\\\/\\\/www.siemon.com\\\/pt-br\\\/#\\\/schema\\\/logo\\\/image\\\/\"},\"sameAs\":[\"https:\\\/\\\/www.facebook.com\\\/siemoncabling\",\"https:\\\/\\\/x.com\\\/siemon\",\"https:\\\/\\\/www.youtube.com\\\/user\\\/SiemonNetworkCabling\",\"https:\\\/\\\/www.linkedin.com\\\/company\\\/the-siemon-company\\\/\",\"https:\\\/\\\/www.instagram.com\\\/siemon_company\\\/\"]}]}<\/script>\n<!-- \/ Yoast SEO Premium plugin. -->","yoast_head_json":{"title":"Solu\u00e7\u00f5es para macroc\u00e9lulas: Tudo o que voc\u00ea precisa saber","description":"Experimente os benef\u00edcios das solu\u00e7\u00f5es de macroc\u00e9lulas no aumento da capacidade da rede e no fornecimento de velocidades de download mais r\u00e1pidas.","robots":{"index":"index","follow":"follow","max-snippet":"max-snippet:-1","max-image-preview":"max-image-preview:large","max-video-preview":"max-video-preview:-1"},"canonical":"https:\/\/www.siemon.com\/pt-br\/environments\/cellular-networks\/macro-cell-solutions\/","og_locale":"pt_BR","og_type":"article","og_title":"Solu\u00e7\u00f5es para Macro Cell","og_description":"Experimente os benef\u00edcios das solu\u00e7\u00f5es de macroc\u00e9lulas no aumento da capacidade da rede e no fornecimento de velocidades de download mais r\u00e1pidas.","og_url":"https:\/\/www.siemon.com\/pt-br\/environments\/cellular-networks\/macro-cell-solutions\/","og_site_name":"Siemon","article_publisher":"https:\/\/www.facebook.com\/siemoncabling","article_modified_time":"2025-04-11T19:18:54+00:00","og_image":[{"width":800,"height":600,"url":"https:\/\/www.siemon.com\/wp-content\/uploads\/Siemon_cellular-networks_macro-cell-solutions_Feature.jpg","type":"image\/jpeg"}],"twitter_card":"summary_large_image","twitter_site":"@siemon","twitter_misc":{"Est. tempo de leitura":"1 minuto"},"schema":{"@context":"https:\/\/schema.org","@graph":[{"@type":"WebPage","@id":"https:\/\/www.siemon.com\/pt-br\/environments\/cellular-networks\/macro-cell-solutions\/","url":"https:\/\/www.siemon.com\/pt-br\/environments\/cellular-networks\/macro-cell-solutions\/","name":"Solu\u00e7\u00f5es para macroc\u00e9lulas: Tudo o que voc\u00ea precisa saber","isPartOf":{"@id":"https:\/\/www.siemon.com\/pt-br\/#website"},"primaryImageOfPage":{"@id":"https:\/\/www.siemon.com\/pt-br\/environments\/cellular-networks\/macro-cell-solutions\/#primaryimage"},"image":{"@id":"https:\/\/www.siemon.com\/pt-br\/environments\/cellular-networks\/macro-cell-solutions\/#primaryimage"},"thumbnailUrl":"https:\/\/www.siemon.com\/wp-content\/uploads\/Siemon_cellular-networks_macro-cell-solutions_Feature.jpg","datePublished":"2023-12-07T20:56:01+00:00","dateModified":"2025-04-11T19:18:54+00:00","description":"Experimente os benef\u00edcios das solu\u00e7\u00f5es de macroc\u00e9lulas no aumento da capacidade da rede e no fornecimento de velocidades de download mais r\u00e1pidas.","breadcrumb":{"@id":"https:\/\/www.siemon.com\/pt-br\/environments\/cellular-networks\/macro-cell-solutions\/#breadcrumb"},"inLanguage":"pt-BR","potentialAction":[{"@type":"ReadAction","target":["https:\/\/www.siemon.com\/pt-br\/environments\/cellular-networks\/macro-cell-solutions\/"]}]},{"@type":"ImageObject","inLanguage":"pt-BR","@id":"https:\/\/www.siemon.com\/pt-br\/environments\/cellular-networks\/macro-cell-solutions\/#primaryimage","url":"https:\/\/www.siemon.com\/wp-content\/uploads\/Siemon_cellular-networks_macro-cell-solutions_Feature.jpg","contentUrl":"https:\/\/www.siemon.com\/wp-content\/uploads\/Siemon_cellular-networks_macro-cell-solutions_Feature.jpg","width":800,"height":600},{"@type":"BreadcrumbList","@id":"https:\/\/www.siemon.com\/pt-br\/environments\/cellular-networks\/macro-cell-solutions\/#breadcrumb","itemListElement":[{"@type":"ListItem","position":1,"name":"Home","item":"https:\/\/www.siemon.com\/pt-br\/"},{"@type":"ListItem","position":2,"name":"Seus ambientes","item":"https:\/\/www.siemon.com\/pt-br\/environments\/"},{"@type":"ListItem","position":3,"name":"Redes celulares","item":"https:\/\/www.siemon.com\/pt-br\/environments\/cellular-networks\/"},{"@type":"ListItem","position":4,"name":"Solu\u00e7\u00f5es para Macro Cell"}]},{"@type":"WebSite","@id":"https:\/\/www.siemon.com\/pt-br\/#website","url":"https:\/\/www.siemon.com\/pt-br\/","name":"Siemon","description":"","publisher":{"@id":"https:\/\/www.siemon.com\/pt-br\/#organization"},"potentialAction":[{"@type":"SearchAction","target":{"@type":"EntryPoint","urlTemplate":"https:\/\/www.siemon.com\/pt-br\/?s={search_term_string}"},"query-input":{"@type":"PropertyValueSpecification","valueRequired":true,"valueName":"search_term_string"}}],"inLanguage":"pt-BR"},{"@type":"Organization","@id":"https:\/\/www.siemon.com\/pt-br\/#organization","name":"Siemon","url":"https:\/\/www.siemon.com\/pt-br\/","logo":{"@type":"ImageObject","inLanguage":"pt-BR","@id":"https:\/\/www.siemon.com\/pt-br\/#\/schema\/logo\/image\/","url":"https:\/\/www.siemon.com\/wp-content\/uploads\/Siemon_Logo-1.jpg","contentUrl":"https:\/\/www.siemon.com\/wp-content\/uploads\/Siemon_Logo-1.jpg","width":1800,"height":500,"caption":"Siemon"},"image":{"@id":"https:\/\/www.siemon.com\/pt-br\/#\/schema\/logo\/image\/"},"sameAs":["https:\/\/www.facebook.com\/siemoncabling","https:\/\/x.com\/siemon","https:\/\/www.youtube.com\/user\/SiemonNetworkCabling","https:\/\/www.linkedin.com\/company\/the-siemon-company\/","https:\/\/www.instagram.com\/siemon_company\/"]}]}},"_links":{"self":[{"href":"https:\/\/www.siemon.com\/pt-br\/wp-json\/wp\/v2\/pages\/24753","targetHints":{"allow":["GET"]}}],"collection":[{"href":"https:\/\/www.siemon.com\/pt-br\/wp-json\/wp\/v2\/pages"}],"about":[{"href":"https:\/\/www.siemon.com\/pt-br\/wp-json\/wp\/v2\/types\/page"}],"author":[{"embeddable":true,"href":"https:\/\/www.siemon.com\/pt-br\/wp-json\/wp\/v2\/users\/2"}],"replies":[{"embeddable":true,"href":"https:\/\/www.siemon.com\/pt-br\/wp-json\/wp\/v2\/comments?post=24753"}],"version-history":[{"count":0,"href":"https:\/\/www.siemon.com\/pt-br\/wp-json\/wp\/v2\/pages\/24753\/revisions"}],"up":[{"embeddable":true,"href":"https:\/\/www.siemon.com\/pt-br\/wp-json\/wp\/v2\/pages\/24754"}],"wp:featuredmedia":[{"embeddable":true,"href":"https:\/\/www.siemon.com\/pt-br\/wp-json\/wp\/v2\/media\/24758"}],"wp:attachment":[{"href":"https:\/\/www.siemon.com\/pt-br\/wp-json\/wp\/v2\/media?parent=24753"}],"curies":[{"name":"wp","href":"https:\/\/api.w.org\/{rel}","templated":true}]}}