{"id":23070,"date":"2023-09-22T10:56:57","date_gmt":"2023-09-22T10:56:57","guid":{"rendered":"https:\/\/www.siemon.com\/environments\/centres-de-donnees\/"},"modified":"2025-09-05T09:40:44","modified_gmt":"2025-09-05T09:40:44","slug":"data-centers","status":"publish","type":"page","link":"https:\/\/www.siemon.com\/fr\/environments\/data-centers\/","title":{"rendered":"Centres de donn\u00e9es"},"content":{"rendered":"","protected":false},"excerpt":{"rendered":"","protected":false},"author":1,"featured_media":10669,"parent":21448,"menu_order":0,"comment_status":"closed","ping_status":"closed","template":"","meta":{"_acf_changed":false,"inline_featured_image":false,"footnotes":""},"class_list":["post-23070","page","type-page","status-publish","has-post-thumbnail","hentry"],"acf":[],"yoast_head":"<!-- This site is optimized with the Yoast SEO Premium plugin v26.2 (Yoast SEO v27.2) - https:\/\/yoast.com\/product\/yoast-seo-premium-wordpress\/ -->\n<title>Centres de donn\u00e9es : La puissance de l&#039;\u00e8re de l&#039;information<\/title>\n<meta name=\"description\" content=\"D\u00e9couvrez le r\u00f4le des centres de donn\u00e9es \u00e0 l&#039;\u00e8re num\u00e9rique. D\u00e9couvrez comment les centres de donn\u00e9es fournissent l&#039;infrastructure n\u00e9cessaire au fonctionnement et \u00e0 la croissance des entreprises.\" \/>\n<meta name=\"robots\" content=\"index, follow, max-snippet:-1, max-image-preview:large, max-video-preview:-1\" \/>\n<link rel=\"canonical\" href=\"https:\/\/www.siemon.com\/fr\/environments\/data-centers\/\" \/>\n<meta property=\"og:locale\" content=\"fr_FR\" \/>\n<meta property=\"og:type\" content=\"article\" \/>\n<meta property=\"og:title\" content=\"Centres de donn\u00e9es\" \/>\n<meta property=\"og:description\" content=\"D\u00e9couvrez le r\u00f4le des centres de donn\u00e9es \u00e0 l&#039;\u00e8re num\u00e9rique. D\u00e9couvrez comment les centres de donn\u00e9es fournissent l&#039;infrastructure n\u00e9cessaire au fonctionnement et \u00e0 la croissance des entreprises.\" \/>\n<meta property=\"og:url\" content=\"https:\/\/www.siemon.com\/fr\/environments\/data-centers\/\" \/>\n<meta property=\"og:site_name\" content=\"Siemon\" \/>\n<meta property=\"article:publisher\" content=\"https:\/\/www.facebook.com\/siemoncabling\" \/>\n<meta property=\"article:modified_time\" content=\"2025-09-05T09:40:44+00:00\" \/>\n<meta property=\"og:image\" content=\"https:\/\/www.siemon.com\/wp-content\/uploads\/Data_Center_Feature.jpg\" \/>\n\t<meta property=\"og:image:width\" content=\"800\" \/>\n\t<meta property=\"og:image:height\" content=\"500\" \/>\n\t<meta property=\"og:image:type\" content=\"image\/jpeg\" \/>\n<meta name=\"twitter:card\" content=\"summary_large_image\" \/>\n<meta name=\"twitter:site\" content=\"@siemon\" \/>\n<meta name=\"twitter:label1\" content=\"Dur\u00e9e de lecture estim\u00e9e\" \/>\n\t<meta name=\"twitter:data1\" content=\"1 minute\" \/>\n<script type=\"application\/ld+json\" class=\"yoast-schema-graph\">{\"@context\":\"https:\/\/schema.org\",\"@graph\":[{\"@type\":\"WebPage\",\"@id\":\"https:\/\/www.siemon.com\/fr\/environments\/data-centers\/\",\"url\":\"https:\/\/www.siemon.com\/fr\/environments\/data-centers\/\",\"name\":\"Centres de donn\u00e9es : La puissance de l'\u00e8re de l'information\",\"isPartOf\":{\"@id\":\"https:\/\/www.siemon.com\/fr\/#website\"},\"primaryImageOfPage\":{\"@id\":\"https:\/\/www.siemon.com\/fr\/environments\/data-centers\/#primaryimage\"},\"image\":{\"@id\":\"https:\/\/www.siemon.com\/fr\/environments\/data-centers\/#primaryimage\"},\"thumbnailUrl\":\"https:\/\/www.siemon.com\/wp-content\/uploads\/Data_Center_Feature.jpg\",\"datePublished\":\"2023-09-22T10:56:57+00:00\",\"dateModified\":\"2025-09-05T09:40:44+00:00\",\"description\":\"D\u00e9couvrez le r\u00f4le des centres de donn\u00e9es \u00e0 l'\u00e8re num\u00e9rique. D\u00e9couvrez comment les centres de donn\u00e9es fournissent l'infrastructure n\u00e9cessaire au fonctionnement et \u00e0 la croissance des entreprises.\",\"breadcrumb\":{\"@id\":\"https:\/\/www.siemon.com\/fr\/environments\/data-centers\/#breadcrumb\"},\"inLanguage\":\"fr-FR\",\"potentialAction\":[{\"@type\":\"ReadAction\",\"target\":[\"https:\/\/www.siemon.com\/fr\/environments\/data-centers\/\"]}]},{\"@type\":\"ImageObject\",\"inLanguage\":\"fr-FR\",\"@id\":\"https:\/\/www.siemon.com\/fr\/environments\/data-centers\/#primaryimage\",\"url\":\"https:\/\/www.siemon.com\/wp-content\/uploads\/Data_Center_Feature.jpg\",\"contentUrl\":\"https:\/\/www.siemon.com\/wp-content\/uploads\/Data_Center_Feature.jpg\",\"width\":800,\"height\":500,\"caption\":\"Data_Center_Feature\"},{\"@type\":\"BreadcrumbList\",\"@id\":\"https:\/\/www.siemon.com\/fr\/environments\/data-centers\/#breadcrumb\",\"itemListElement\":[{\"@type\":\"ListItem\",\"position\":1,\"name\":\"Home\",\"item\":\"https:\/\/www.siemon.com\/fr\/\"},{\"@type\":\"ListItem\",\"position\":2,\"name\":\"Vos environnements\",\"item\":\"https:\/\/www.siemon.com\/fr\/environments\/\"},{\"@type\":\"ListItem\",\"position\":3,\"name\":\"Centres de donn\u00e9es\"}]},{\"@type\":\"WebSite\",\"@id\":\"https:\/\/www.siemon.com\/fr\/#website\",\"url\":\"https:\/\/www.siemon.com\/fr\/\",\"name\":\"Siemon\",\"description\":\"\",\"publisher\":{\"@id\":\"https:\/\/www.siemon.com\/fr\/#organization\"},\"potentialAction\":[{\"@type\":\"SearchAction\",\"target\":{\"@type\":\"EntryPoint\",\"urlTemplate\":\"https:\/\/www.siemon.com\/fr\/?s={search_term_string}\"},\"query-input\":{\"@type\":\"PropertyValueSpecification\",\"valueRequired\":true,\"valueName\":\"search_term_string\"}}],\"inLanguage\":\"fr-FR\"},{\"@type\":\"Organization\",\"@id\":\"https:\/\/www.siemon.com\/fr\/#organization\",\"name\":\"Siemon\",\"url\":\"https:\/\/www.siemon.com\/fr\/\",\"logo\":{\"@type\":\"ImageObject\",\"inLanguage\":\"fr-FR\",\"@id\":\"https:\/\/www.siemon.com\/fr\/#\/schema\/logo\/image\/\",\"url\":\"https:\/\/www.siemon.com\/wp-content\/uploads\/Siemon_Logo-1.jpg\",\"contentUrl\":\"https:\/\/www.siemon.com\/wp-content\/uploads\/Siemon_Logo-1.jpg\",\"width\":1800,\"height\":500,\"caption\":\"Siemon\"},\"image\":{\"@id\":\"https:\/\/www.siemon.com\/fr\/#\/schema\/logo\/image\/\"},\"sameAs\":[\"https:\/\/www.facebook.com\/siemoncabling\",\"https:\/\/x.com\/siemon\",\"https:\/\/www.youtube.com\/user\/SiemonNetworkCabling\",\"https:\/\/www.linkedin.com\/company\/the-siemon-company\/\",\"https:\/\/www.instagram.com\/siemon_company\/\"]}]}<\/script>\n<!-- \/ Yoast SEO Premium plugin. -->","yoast_head_json":{"title":"Centres de donn\u00e9es : La puissance de l'\u00e8re de l'information","description":"D\u00e9couvrez le r\u00f4le des centres de donn\u00e9es \u00e0 l'\u00e8re num\u00e9rique. D\u00e9couvrez comment les centres de donn\u00e9es fournissent l'infrastructure n\u00e9cessaire au fonctionnement et \u00e0 la croissance des entreprises.","robots":{"index":"index","follow":"follow","max-snippet":"max-snippet:-1","max-image-preview":"max-image-preview:large","max-video-preview":"max-video-preview:-1"},"canonical":"https:\/\/www.siemon.com\/fr\/environments\/data-centers\/","og_locale":"fr_FR","og_type":"article","og_title":"Centres de donn\u00e9es","og_description":"D\u00e9couvrez le r\u00f4le des centres de donn\u00e9es \u00e0 l'\u00e8re num\u00e9rique. D\u00e9couvrez comment les centres de donn\u00e9es fournissent l'infrastructure n\u00e9cessaire au fonctionnement et \u00e0 la croissance des entreprises.","og_url":"https:\/\/www.siemon.com\/fr\/environments\/data-centers\/","og_site_name":"Siemon","article_publisher":"https:\/\/www.facebook.com\/siemoncabling","article_modified_time":"2025-09-05T09:40:44+00:00","og_image":[{"width":800,"height":500,"url":"https:\/\/www.siemon.com\/wp-content\/uploads\/Data_Center_Feature.jpg","type":"image\/jpeg"}],"twitter_card":"summary_large_image","twitter_site":"@siemon","twitter_misc":{"Dur\u00e9e de lecture estim\u00e9e":"1 minute"},"schema":{"@context":"https:\/\/schema.org","@graph":[{"@type":"WebPage","@id":"https:\/\/www.siemon.com\/fr\/environments\/data-centers\/","url":"https:\/\/www.siemon.com\/fr\/environments\/data-centers\/","name":"Centres de donn\u00e9es : La puissance de l'\u00e8re de l'information","isPartOf":{"@id":"https:\/\/www.siemon.com\/fr\/#website"},"primaryImageOfPage":{"@id":"https:\/\/www.siemon.com\/fr\/environments\/data-centers\/#primaryimage"},"image":{"@id":"https:\/\/www.siemon.com\/fr\/environments\/data-centers\/#primaryimage"},"thumbnailUrl":"https:\/\/www.siemon.com\/wp-content\/uploads\/Data_Center_Feature.jpg","datePublished":"2023-09-22T10:56:57+00:00","dateModified":"2025-09-05T09:40:44+00:00","description":"D\u00e9couvrez le r\u00f4le des centres de donn\u00e9es \u00e0 l'\u00e8re num\u00e9rique. D\u00e9couvrez comment les centres de donn\u00e9es fournissent l'infrastructure n\u00e9cessaire au fonctionnement et \u00e0 la croissance des entreprises.","breadcrumb":{"@id":"https:\/\/www.siemon.com\/fr\/environments\/data-centers\/#breadcrumb"},"inLanguage":"fr-FR","potentialAction":[{"@type":"ReadAction","target":["https:\/\/www.siemon.com\/fr\/environments\/data-centers\/"]}]},{"@type":"ImageObject","inLanguage":"fr-FR","@id":"https:\/\/www.siemon.com\/fr\/environments\/data-centers\/#primaryimage","url":"https:\/\/www.siemon.com\/wp-content\/uploads\/Data_Center_Feature.jpg","contentUrl":"https:\/\/www.siemon.com\/wp-content\/uploads\/Data_Center_Feature.jpg","width":800,"height":500,"caption":"Data_Center_Feature"},{"@type":"BreadcrumbList","@id":"https:\/\/www.siemon.com\/fr\/environments\/data-centers\/#breadcrumb","itemListElement":[{"@type":"ListItem","position":1,"name":"Home","item":"https:\/\/www.siemon.com\/fr\/"},{"@type":"ListItem","position":2,"name":"Vos environnements","item":"https:\/\/www.siemon.com\/fr\/environments\/"},{"@type":"ListItem","position":3,"name":"Centres de donn\u00e9es"}]},{"@type":"WebSite","@id":"https:\/\/www.siemon.com\/fr\/#website","url":"https:\/\/www.siemon.com\/fr\/","name":"Siemon","description":"","publisher":{"@id":"https:\/\/www.siemon.com\/fr\/#organization"},"potentialAction":[{"@type":"SearchAction","target":{"@type":"EntryPoint","urlTemplate":"https:\/\/www.siemon.com\/fr\/?s={search_term_string}"},"query-input":{"@type":"PropertyValueSpecification","valueRequired":true,"valueName":"search_term_string"}}],"inLanguage":"fr-FR"},{"@type":"Organization","@id":"https:\/\/www.siemon.com\/fr\/#organization","name":"Siemon","url":"https:\/\/www.siemon.com\/fr\/","logo":{"@type":"ImageObject","inLanguage":"fr-FR","@id":"https:\/\/www.siemon.com\/fr\/#\/schema\/logo\/image\/","url":"https:\/\/www.siemon.com\/wp-content\/uploads\/Siemon_Logo-1.jpg","contentUrl":"https:\/\/www.siemon.com\/wp-content\/uploads\/Siemon_Logo-1.jpg","width":1800,"height":500,"caption":"Siemon"},"image":{"@id":"https:\/\/www.siemon.com\/fr\/#\/schema\/logo\/image\/"},"sameAs":["https:\/\/www.facebook.com\/siemoncabling","https:\/\/x.com\/siemon","https:\/\/www.youtube.com\/user\/SiemonNetworkCabling","https:\/\/www.linkedin.com\/company\/the-siemon-company\/","https:\/\/www.instagram.com\/siemon_company\/"]}]}},"_links":{"self":[{"href":"https:\/\/www.siemon.com\/fr\/wp-json\/wp\/v2\/pages\/23070","targetHints":{"allow":["GET"]}}],"collection":[{"href":"https:\/\/www.siemon.com\/fr\/wp-json\/wp\/v2\/pages"}],"about":[{"href":"https:\/\/www.siemon.com\/fr\/wp-json\/wp\/v2\/types\/page"}],"author":[{"embeddable":true,"href":"https:\/\/www.siemon.com\/fr\/wp-json\/wp\/v2\/users\/1"}],"replies":[{"embeddable":true,"href":"https:\/\/www.siemon.com\/fr\/wp-json\/wp\/v2\/comments?post=23070"}],"version-history":[{"count":0,"href":"https:\/\/www.siemon.com\/fr\/wp-json\/wp\/v2\/pages\/23070\/revisions"}],"up":[{"embeddable":true,"href":"https:\/\/www.siemon.com\/fr\/wp-json\/wp\/v2\/pages\/21448"}],"wp:featuredmedia":[{"embeddable":true,"href":"https:\/\/www.siemon.com\/fr\/wp-json\/wp\/v2\/media\/10669"}],"wp:attachment":[{"href":"https:\/\/www.siemon.com\/fr\/wp-json\/wp\/v2\/media?parent=23070"}],"curies":[{"name":"wp","href":"https:\/\/api.w.org\/{rel}","templated":true}]}}