{"id":23068,"date":"2022-11-16T10:32:00","date_gmt":"2022-11-16T10:32:00","guid":{"rendered":"https:\/\/www.siemon.com\/accueil\/"},"modified":"2025-08-29T14:03:51","modified_gmt":"2025-08-29T14:03:51","slug":"accueil","status":"publish","type":"page","link":"https:\/\/www.siemon.com\/fr\/","title":{"rendered":"Accueil"},"content":{"rendered":"\r\n<p>Il s&rsquo;agit d&rsquo;une page d&rsquo;exemple. Elle diff\u00e8re d&rsquo;un article de blog car elle reste \u00e0 un seul endroit et appara\u00eet dans la navigation de votre site (dans la plupart des th\u00e8mes). La plupart des gens commencent par une page \u00ab\u00a0\u00c0 propos\u00a0\u00bb qui les pr\u00e9sente aux visiteurs potentiels du site. Cette page pourrait ressembler \u00e0 ceci :<\/p>\r\n\r\n\r\n\r\n<blockquote class=\"wp-block-quote is-layout-flow wp-block-quote-is-layout-flow\">\r\n<p>Bonjour \u00e0 tous ! Je suis coursier \u00e0 v\u00e9lo le jour, acteur en herbe la nuit, et ceci est mon site web. Je vis \u00e0 Los Angeles, j&rsquo;ai un super chien qui s&rsquo;appelle Jack et j&rsquo;aime les pi\u00f1a coladas. (Et me faire surprendre par la pluie.)<\/p>\r\n<\/blockquote>\r\n\r\n\r\n\r\n<p>&#8230;ou quelque chose comme \u00e7a :<\/p>\r\n\r\n\r\n\r\n<blockquote class=\"wp-block-quote is-layout-flow wp-block-quote-is-layout-flow\">\r\n<p>La soci\u00e9t\u00e9 XYZ Doohickey Company a \u00e9t\u00e9 fond\u00e9e en 1971 et fournit depuis lors des doohickeys de qualit\u00e9 au public. Situ\u00e9e \u00e0 Gotham City, XYZ emploie plus de 2 000 personnes et fait toutes sortes de choses g\u00e9niales pour la communaut\u00e9 de Gotham.<\/p>\r\n<\/blockquote>\r\n\r\n\r\n\r\n<p>As a new WordPress user, you should go to <a href=\"https:\/\/www.siemon.com\/wp-admin\/\">your dashboard<\/a> to delete this page and create new pages for your content. Have fun!<\/p>\r\n","protected":false},"excerpt":{"rendered":"<p>Il s&rsquo;agit d&rsquo;une page d&rsquo;exemple. Elle diff\u00e8re d&rsquo;un article de blog car elle reste \u00e0 un seul endroit et appara\u00eet<\/p>\n","protected":false},"author":1,"featured_media":12778,"parent":0,"menu_order":0,"comment_status":"closed","ping_status":"closed","template":"","meta":{"_acf_changed":false,"inline_featured_image":false,"footnotes":""},"class_list":["post-23068","page","type-page","status-publish","has-post-thumbnail","hentry"],"acf":[],"yoast_head":"<!-- This site is optimized with the Yoast SEO Premium plugin v26.2 (Yoast SEO v27.4) - https:\/\/yoast.com\/product\/yoast-seo-premium-wordpress\/ -->\n<title>Siemon | Solutions d&#039;infrastructure informatique \u00e0 haute performance<\/title>\n<meta name=\"description\" content=\"Solutions et services d&#039;infrastructure informatique de haute qualit\u00e9 et de haute performance pour les centres de donn\u00e9es, les r\u00e9seaux cellulaires et les b\u00e2timents intelligents, y compris les syst\u00e8mes de c\u00e2blage en cuivre et en fibre optique, les armoires et plus encore.\" \/>\n<meta name=\"robots\" content=\"index, follow, max-snippet:-1, max-image-preview:large, max-video-preview:-1\" \/>\n<link rel=\"canonical\" href=\"https:\/\/www.siemon.com\/fr\/\" \/>\n<meta property=\"og:locale\" content=\"fr_FR\" \/>\n<meta property=\"og:type\" content=\"article\" \/>\n<meta property=\"og:title\" content=\"Siemon | Solutions d&#039;infrastructure informatique \u00e0 haute performance\" \/>\n<meta property=\"og:description\" content=\"Solutions et services d&#039;infrastructure informatique de haute qualit\u00e9 et de haute performance pour les centres de donn\u00e9es, les r\u00e9seaux cellulaires et les b\u00e2timents intelligents, y compris les syst\u00e8mes de c\u00e2blage en cuivre et en fibre, les armoires et plus encore.\" \/>\n<meta property=\"og:url\" content=\"https:\/\/www.siemon.com\/fr\/\" \/>\n<meta property=\"og:site_name\" content=\"Siemon\" \/>\n<meta property=\"article:publisher\" content=\"https:\/\/www.facebook.com\/siemoncabling\" \/>\n<meta property=\"article:modified_time\" content=\"2025-08-29T14:03:51+00:00\" \/>\n<meta property=\"og:image\" content=\"https:\/\/www.siemon.com\/wp-content\/uploads\/Siemon_Homepage_Feature.jpg\" \/>\n\t<meta property=\"og:image:width\" content=\"800\" \/>\n\t<meta property=\"og:image:height\" content=\"600\" \/>\n\t<meta property=\"og:image:type\" content=\"image\/jpeg\" \/>\n<meta name=\"twitter:card\" content=\"summary_large_image\" \/>\n<meta name=\"twitter:title\" content=\"Accueil\" \/>\n<meta name=\"twitter:site\" content=\"@siemon\" \/>\n<meta name=\"twitter:label1\" content=\"Dur\u00e9e de lecture estim\u00e9e\" \/>\n\t<meta name=\"twitter:data1\" content=\"1 minute\" \/>\n<script type=\"application\/ld+json\" class=\"yoast-schema-graph\">{\"@context\":\"https:\\\/\\\/schema.org\",\"@graph\":[{\"@type\":\"WebPage\",\"@id\":\"https:\\\/\\\/www.siemon.com\\\/fr\\\/\",\"url\":\"https:\\\/\\\/www.siemon.com\\\/fr\\\/\",\"name\":\"Siemon | Solutions d'infrastructure informatique \u00e0 haute performance\",\"isPartOf\":{\"@id\":\"https:\\\/\\\/www.siemon.com\\\/fr\\\/#website\"},\"primaryImageOfPage\":{\"@id\":\"https:\\\/\\\/www.siemon.com\\\/fr\\\/#primaryimage\"},\"image\":{\"@id\":\"https:\\\/\\\/www.siemon.com\\\/fr\\\/#primaryimage\"},\"thumbnailUrl\":\"https:\\\/\\\/www.siemon.com\\\/wp-content\\\/uploads\\\/Siemon_Homepage_Feature.jpg\",\"datePublished\":\"2022-11-16T10:32:00+00:00\",\"dateModified\":\"2025-08-29T14:03:51+00:00\",\"description\":\"Solutions et services d'infrastructure informatique de haute qualit\u00e9 et de haute performance pour les centres de donn\u00e9es, les r\u00e9seaux cellulaires et les b\u00e2timents intelligents, y compris les syst\u00e8mes de c\u00e2blage en cuivre et en fibre optique, les armoires et plus encore.\",\"breadcrumb\":{\"@id\":\"https:\\\/\\\/www.siemon.com\\\/fr\\\/#breadcrumb\"},\"inLanguage\":\"fr-FR\",\"potentialAction\":[{\"@type\":\"ReadAction\",\"target\":[\"https:\\\/\\\/www.siemon.com\\\/fr\\\/\"]}]},{\"@type\":\"ImageObject\",\"inLanguage\":\"fr-FR\",\"@id\":\"https:\\\/\\\/www.siemon.com\\\/fr\\\/#primaryimage\",\"url\":\"https:\\\/\\\/www.siemon.com\\\/wp-content\\\/uploads\\\/Siemon_Homepage_Feature.jpg\",\"contentUrl\":\"https:\\\/\\\/www.siemon.com\\\/wp-content\\\/uploads\\\/Siemon_Homepage_Feature.jpg\",\"width\":800,\"height\":600,\"caption\":\"Siemon Homepage Feature Photo\"},{\"@type\":\"BreadcrumbList\",\"@id\":\"https:\\\/\\\/www.siemon.com\\\/fr\\\/#breadcrumb\",\"itemListElement\":[{\"@type\":\"ListItem\",\"position\":1,\"name\":\"Home\",\"item\":\"https:\\\/\\\/www.siemon.com\\\/fr\\\/\"},{\"@type\":\"ListItem\",\"position\":2,\"name\":\"Accueil\"}]},{\"@type\":\"WebSite\",\"@id\":\"https:\\\/\\\/www.siemon.com\\\/fr\\\/#website\",\"url\":\"https:\\\/\\\/www.siemon.com\\\/fr\\\/\",\"name\":\"Siemon\",\"description\":\"\",\"publisher\":{\"@id\":\"https:\\\/\\\/www.siemon.com\\\/fr\\\/#organization\"},\"potentialAction\":[{\"@type\":\"SearchAction\",\"target\":{\"@type\":\"EntryPoint\",\"urlTemplate\":\"https:\\\/\\\/www.siemon.com\\\/fr\\\/?s={search_term_string}\"},\"query-input\":{\"@type\":\"PropertyValueSpecification\",\"valueRequired\":true,\"valueName\":\"search_term_string\"}}],\"inLanguage\":\"fr-FR\"},{\"@type\":\"Organization\",\"@id\":\"https:\\\/\\\/www.siemon.com\\\/fr\\\/#organization\",\"name\":\"Siemon\",\"url\":\"https:\\\/\\\/www.siemon.com\\\/fr\\\/\",\"logo\":{\"@type\":\"ImageObject\",\"inLanguage\":\"fr-FR\",\"@id\":\"https:\\\/\\\/www.siemon.com\\\/fr\\\/#\\\/schema\\\/logo\\\/image\\\/\",\"url\":\"https:\\\/\\\/www.siemon.com\\\/wp-content\\\/uploads\\\/Siemon_Logo-1.jpg\",\"contentUrl\":\"https:\\\/\\\/www.siemon.com\\\/wp-content\\\/uploads\\\/Siemon_Logo-1.jpg\",\"width\":1800,\"height\":500,\"caption\":\"Siemon\"},\"image\":{\"@id\":\"https:\\\/\\\/www.siemon.com\\\/fr\\\/#\\\/schema\\\/logo\\\/image\\\/\"},\"sameAs\":[\"https:\\\/\\\/www.facebook.com\\\/siemoncabling\",\"https:\\\/\\\/x.com\\\/siemon\",\"https:\\\/\\\/www.youtube.com\\\/user\\\/SiemonNetworkCabling\",\"https:\\\/\\\/www.linkedin.com\\\/company\\\/the-siemon-company\\\/\",\"https:\\\/\\\/www.instagram.com\\\/siemon_company\\\/\"]}]}<\/script>\n<!-- \/ Yoast SEO Premium plugin. -->","yoast_head_json":{"title":"Siemon | Solutions d'infrastructure informatique \u00e0 haute performance","description":"Solutions et services d'infrastructure informatique de haute qualit\u00e9 et de haute performance pour les centres de donn\u00e9es, les r\u00e9seaux cellulaires et les b\u00e2timents intelligents, y compris les syst\u00e8mes de c\u00e2blage en cuivre et en fibre optique, les armoires et plus encore.","robots":{"index":"index","follow":"follow","max-snippet":"max-snippet:-1","max-image-preview":"max-image-preview:large","max-video-preview":"max-video-preview:-1"},"canonical":"https:\/\/www.siemon.com\/fr\/","og_locale":"fr_FR","og_type":"article","og_title":"Siemon | Solutions d'infrastructure informatique \u00e0 haute performance","og_description":"Solutions et services d'infrastructure informatique de haute qualit\u00e9 et de haute performance pour les centres de donn\u00e9es, les r\u00e9seaux cellulaires et les b\u00e2timents intelligents, y compris les syst\u00e8mes de c\u00e2blage en cuivre et en fibre, les armoires et plus encore.","og_url":"https:\/\/www.siemon.com\/fr\/","og_site_name":"Siemon","article_publisher":"https:\/\/www.facebook.com\/siemoncabling","article_modified_time":"2025-08-29T14:03:51+00:00","og_image":[{"width":800,"height":600,"url":"https:\/\/www.siemon.com\/wp-content\/uploads\/Siemon_Homepage_Feature.jpg","type":"image\/jpeg"}],"twitter_card":"summary_large_image","twitter_title":"Accueil","twitter_site":"@siemon","twitter_misc":{"Dur\u00e9e de lecture estim\u00e9e":"1 minute"},"schema":{"@context":"https:\/\/schema.org","@graph":[{"@type":"WebPage","@id":"https:\/\/www.siemon.com\/fr\/","url":"https:\/\/www.siemon.com\/fr\/","name":"Siemon | Solutions d'infrastructure informatique \u00e0 haute performance","isPartOf":{"@id":"https:\/\/www.siemon.com\/fr\/#website"},"primaryImageOfPage":{"@id":"https:\/\/www.siemon.com\/fr\/#primaryimage"},"image":{"@id":"https:\/\/www.siemon.com\/fr\/#primaryimage"},"thumbnailUrl":"https:\/\/www.siemon.com\/wp-content\/uploads\/Siemon_Homepage_Feature.jpg","datePublished":"2022-11-16T10:32:00+00:00","dateModified":"2025-08-29T14:03:51+00:00","description":"Solutions et services d'infrastructure informatique de haute qualit\u00e9 et de haute performance pour les centres de donn\u00e9es, les r\u00e9seaux cellulaires et les b\u00e2timents intelligents, y compris les syst\u00e8mes de c\u00e2blage en cuivre et en fibre optique, les armoires et plus encore.","breadcrumb":{"@id":"https:\/\/www.siemon.com\/fr\/#breadcrumb"},"inLanguage":"fr-FR","potentialAction":[{"@type":"ReadAction","target":["https:\/\/www.siemon.com\/fr\/"]}]},{"@type":"ImageObject","inLanguage":"fr-FR","@id":"https:\/\/www.siemon.com\/fr\/#primaryimage","url":"https:\/\/www.siemon.com\/wp-content\/uploads\/Siemon_Homepage_Feature.jpg","contentUrl":"https:\/\/www.siemon.com\/wp-content\/uploads\/Siemon_Homepage_Feature.jpg","width":800,"height":600,"caption":"Siemon Homepage Feature Photo"},{"@type":"BreadcrumbList","@id":"https:\/\/www.siemon.com\/fr\/#breadcrumb","itemListElement":[{"@type":"ListItem","position":1,"name":"Home","item":"https:\/\/www.siemon.com\/fr\/"},{"@type":"ListItem","position":2,"name":"Accueil"}]},{"@type":"WebSite","@id":"https:\/\/www.siemon.com\/fr\/#website","url":"https:\/\/www.siemon.com\/fr\/","name":"Siemon","description":"","publisher":{"@id":"https:\/\/www.siemon.com\/fr\/#organization"},"potentialAction":[{"@type":"SearchAction","target":{"@type":"EntryPoint","urlTemplate":"https:\/\/www.siemon.com\/fr\/?s={search_term_string}"},"query-input":{"@type":"PropertyValueSpecification","valueRequired":true,"valueName":"search_term_string"}}],"inLanguage":"fr-FR"},{"@type":"Organization","@id":"https:\/\/www.siemon.com\/fr\/#organization","name":"Siemon","url":"https:\/\/www.siemon.com\/fr\/","logo":{"@type":"ImageObject","inLanguage":"fr-FR","@id":"https:\/\/www.siemon.com\/fr\/#\/schema\/logo\/image\/","url":"https:\/\/www.siemon.com\/wp-content\/uploads\/Siemon_Logo-1.jpg","contentUrl":"https:\/\/www.siemon.com\/wp-content\/uploads\/Siemon_Logo-1.jpg","width":1800,"height":500,"caption":"Siemon"},"image":{"@id":"https:\/\/www.siemon.com\/fr\/#\/schema\/logo\/image\/"},"sameAs":["https:\/\/www.facebook.com\/siemoncabling","https:\/\/x.com\/siemon","https:\/\/www.youtube.com\/user\/SiemonNetworkCabling","https:\/\/www.linkedin.com\/company\/the-siemon-company\/","https:\/\/www.instagram.com\/siemon_company\/"]}]}},"_links":{"self":[{"href":"https:\/\/www.siemon.com\/fr\/wp-json\/wp\/v2\/pages\/23068","targetHints":{"allow":["GET"]}}],"collection":[{"href":"https:\/\/www.siemon.com\/fr\/wp-json\/wp\/v2\/pages"}],"about":[{"href":"https:\/\/www.siemon.com\/fr\/wp-json\/wp\/v2\/types\/page"}],"author":[{"embeddable":true,"href":"https:\/\/www.siemon.com\/fr\/wp-json\/wp\/v2\/users\/1"}],"replies":[{"embeddable":true,"href":"https:\/\/www.siemon.com\/fr\/wp-json\/wp\/v2\/comments?post=23068"}],"version-history":[{"count":0,"href":"https:\/\/www.siemon.com\/fr\/wp-json\/wp\/v2\/pages\/23068\/revisions"}],"wp:featuredmedia":[{"embeddable":true,"href":"https:\/\/www.siemon.com\/fr\/wp-json\/wp\/v2\/media\/12778"}],"wp:attachment":[{"href":"https:\/\/www.siemon.com\/fr\/wp-json\/wp\/v2\/media?parent=23068"}],"curies":[{"name":"wp","href":"https:\/\/api.w.org\/{rel}","templated":true}]}}