{"id":23056,"date":"2023-10-05T15:01:32","date_gmt":"2023-10-05T15:01:32","guid":{"rendered":"https:\/\/www.siemon.com\/services-de-conception-de-centres-de-donnees\/"},"modified":"2025-04-11T01:06:21","modified_gmt":"2025-04-11T01:06:21","slug":"data-center-design-services","status":"publish","type":"page","link":"https:\/\/www.siemon.com\/fr\/environments\/data-centers\/siemon-data-center-services\/data-center-design-services\/","title":{"rendered":"Services de conception de centres de donn\u00e9es"},"content":{"rendered":"","protected":false},"excerpt":{"rendered":"<p>Vous souhaitez concevoir, d\u00e9ployer ou moderniser un espace de centre de donn\u00e9es et vous avez besoin de conseils et d&rsquo;une assistance d&rsquo;experts pour vous aider tout au long du processus ? Notre \u00e9quipe d&rsquo;experts en conception de centres de donn\u00e9es est pr\u00eate \u00e0 vous aider. <\/p>\n","protected":false},"author":1,"featured_media":1660,"parent":23064,"menu_order":1,"comment_status":"closed","ping_status":"closed","template":"","meta":{"_acf_changed":false,"inline_featured_image":false,"footnotes":""},"class_list":["post-23056","page","type-page","status-publish","has-post-thumbnail","hentry"],"acf":[],"yoast_head":"<!-- This site is optimized with the Yoast SEO Premium plugin v26.2 (Yoast SEO v27.3) - https:\/\/yoast.com\/product\/yoast-seo-premium-wordpress\/ -->\n<title>Services de conception de centres de donn\u00e9es : Garantir des performances et une fiabilit\u00e9 optimales<\/title>\n<meta name=\"description\" content=\"B\u00e9n\u00e9ficiez d&#039;une exploitation transparente de votre centre de donn\u00e9es gr\u00e2ce \u00e0 nos services de conception complets. Augmentez l&#039;efficacit\u00e9 et minimisez les temps d&#039;arr\u00eat.\" \/>\n<meta name=\"robots\" content=\"index, follow, max-snippet:-1, max-image-preview:large, max-video-preview:-1\" \/>\n<link rel=\"canonical\" href=\"https:\/\/www.siemon.com\/fr\/environments\/data-centers\/siemon-data-center-services\/data-center-design-services\/\" \/>\n<meta property=\"og:locale\" content=\"fr_FR\" \/>\n<meta property=\"og:type\" content=\"article\" \/>\n<meta property=\"og:title\" content=\"Services de conception de centres de donn\u00e9es\" \/>\n<meta property=\"og:description\" content=\"B\u00e9n\u00e9ficiez d&#039;une exploitation transparente de votre centre de donn\u00e9es gr\u00e2ce \u00e0 nos services de conception complets. Augmentez l&#039;efficacit\u00e9 et minimisez les temps d&#039;arr\u00eat.\" \/>\n<meta property=\"og:url\" content=\"https:\/\/www.siemon.com\/fr\/environments\/data-centers\/siemon-data-center-services\/data-center-design-services\/\" \/>\n<meta property=\"og:site_name\" content=\"Siemon\" \/>\n<meta property=\"article:publisher\" content=\"https:\/\/www.facebook.com\/siemoncabling\" \/>\n<meta property=\"article:modified_time\" content=\"2025-04-11T01:06:21+00:00\" \/>\n<meta property=\"og:image\" content=\"https:\/\/www.siemon.com\/wp-content\/uploads\/design-1.jpg\" \/>\n\t<meta property=\"og:image:width\" content=\"500\" \/>\n\t<meta property=\"og:image:height\" content=\"300\" \/>\n\t<meta property=\"og:image:type\" content=\"image\/jpeg\" \/>\n<meta name=\"twitter:card\" content=\"summary_large_image\" \/>\n<meta name=\"twitter:site\" content=\"@siemon\" \/>\n<meta name=\"twitter:label1\" content=\"Dur\u00e9e de lecture estim\u00e9e\" \/>\n\t<meta name=\"twitter:data1\" content=\"1 minute\" \/>\n<script type=\"application\/ld+json\" class=\"yoast-schema-graph\">{\"@context\":\"https:\\\/\\\/schema.org\",\"@graph\":[{\"@type\":\"WebPage\",\"@id\":\"https:\\\/\\\/www.siemon.com\\\/fr\\\/environments\\\/data-centers\\\/siemon-data-center-services\\\/data-center-design-services\\\/\",\"url\":\"https:\\\/\\\/www.siemon.com\\\/fr\\\/environments\\\/data-centers\\\/siemon-data-center-services\\\/data-center-design-services\\\/\",\"name\":\"Services de conception de centres de donn\u00e9es : Garantir des performances et une fiabilit\u00e9 optimales\",\"isPartOf\":{\"@id\":\"https:\\\/\\\/www.siemon.com\\\/fr\\\/#website\"},\"primaryImageOfPage\":{\"@id\":\"https:\\\/\\\/www.siemon.com\\\/fr\\\/environments\\\/data-centers\\\/siemon-data-center-services\\\/data-center-design-services\\\/#primaryimage\"},\"image\":{\"@id\":\"https:\\\/\\\/www.siemon.com\\\/fr\\\/environments\\\/data-centers\\\/siemon-data-center-services\\\/data-center-design-services\\\/#primaryimage\"},\"thumbnailUrl\":\"https:\\\/\\\/www.siemon.com\\\/wp-content\\\/uploads\\\/design-1.jpg\",\"datePublished\":\"2023-10-05T15:01:32+00:00\",\"dateModified\":\"2025-04-11T01:06:21+00:00\",\"description\":\"B\u00e9n\u00e9ficiez d'une exploitation transparente de votre centre de donn\u00e9es gr\u00e2ce \u00e0 nos services de conception complets. Augmentez l'efficacit\u00e9 et minimisez les temps d'arr\u00eat.\",\"breadcrumb\":{\"@id\":\"https:\\\/\\\/www.siemon.com\\\/fr\\\/environments\\\/data-centers\\\/siemon-data-center-services\\\/data-center-design-services\\\/#breadcrumb\"},\"inLanguage\":\"fr-FR\",\"potentialAction\":[{\"@type\":\"ReadAction\",\"target\":[\"https:\\\/\\\/www.siemon.com\\\/fr\\\/environments\\\/data-centers\\\/siemon-data-center-services\\\/data-center-design-services\\\/\"]}]},{\"@type\":\"ImageObject\",\"inLanguage\":\"fr-FR\",\"@id\":\"https:\\\/\\\/www.siemon.com\\\/fr\\\/environments\\\/data-centers\\\/siemon-data-center-services\\\/data-center-design-services\\\/#primaryimage\",\"url\":\"https:\\\/\\\/www.siemon.com\\\/wp-content\\\/uploads\\\/design-1.jpg\",\"contentUrl\":\"https:\\\/\\\/www.siemon.com\\\/wp-content\\\/uploads\\\/design-1.jpg\",\"width\":500,\"height\":300},{\"@type\":\"BreadcrumbList\",\"@id\":\"https:\\\/\\\/www.siemon.com\\\/fr\\\/environments\\\/data-centers\\\/siemon-data-center-services\\\/data-center-design-services\\\/#breadcrumb\",\"itemListElement\":[{\"@type\":\"ListItem\",\"position\":1,\"name\":\"Home\",\"item\":\"https:\\\/\\\/www.siemon.com\\\/fr\\\/\"},{\"@type\":\"ListItem\",\"position\":2,\"name\":\"Vos environnements\",\"item\":\"https:\\\/\\\/www.siemon.com\\\/fr\\\/environments\\\/\"},{\"@type\":\"ListItem\",\"position\":3,\"name\":\"Centres de donn\u00e9es\",\"item\":\"https:\\\/\\\/www.siemon.com\\\/fr\\\/environments\\\/data-centers\\\/\"},{\"@type\":\"ListItem\",\"position\":4,\"name\":\"Siemon Services de centre de donn\u00e9es\",\"item\":\"https:\\\/\\\/www.siemon.com\\\/fr\\\/environments\\\/data-centers\\\/siemon-data-center-services\\\/\"},{\"@type\":\"ListItem\",\"position\":5,\"name\":\"Services de conception de centres de donn\u00e9es\"}]},{\"@type\":\"WebSite\",\"@id\":\"https:\\\/\\\/www.siemon.com\\\/fr\\\/#website\",\"url\":\"https:\\\/\\\/www.siemon.com\\\/fr\\\/\",\"name\":\"Siemon\",\"description\":\"\",\"publisher\":{\"@id\":\"https:\\\/\\\/www.siemon.com\\\/fr\\\/#organization\"},\"potentialAction\":[{\"@type\":\"SearchAction\",\"target\":{\"@type\":\"EntryPoint\",\"urlTemplate\":\"https:\\\/\\\/www.siemon.com\\\/fr\\\/?s={search_term_string}\"},\"query-input\":{\"@type\":\"PropertyValueSpecification\",\"valueRequired\":true,\"valueName\":\"search_term_string\"}}],\"inLanguage\":\"fr-FR\"},{\"@type\":\"Organization\",\"@id\":\"https:\\\/\\\/www.siemon.com\\\/fr\\\/#organization\",\"name\":\"Siemon\",\"url\":\"https:\\\/\\\/www.siemon.com\\\/fr\\\/\",\"logo\":{\"@type\":\"ImageObject\",\"inLanguage\":\"fr-FR\",\"@id\":\"https:\\\/\\\/www.siemon.com\\\/fr\\\/#\\\/schema\\\/logo\\\/image\\\/\",\"url\":\"https:\\\/\\\/www.siemon.com\\\/wp-content\\\/uploads\\\/Siemon_Logo-1.jpg\",\"contentUrl\":\"https:\\\/\\\/www.siemon.com\\\/wp-content\\\/uploads\\\/Siemon_Logo-1.jpg\",\"width\":1800,\"height\":500,\"caption\":\"Siemon\"},\"image\":{\"@id\":\"https:\\\/\\\/www.siemon.com\\\/fr\\\/#\\\/schema\\\/logo\\\/image\\\/\"},\"sameAs\":[\"https:\\\/\\\/www.facebook.com\\\/siemoncabling\",\"https:\\\/\\\/x.com\\\/siemon\",\"https:\\\/\\\/www.youtube.com\\\/user\\\/SiemonNetworkCabling\",\"https:\\\/\\\/www.linkedin.com\\\/company\\\/the-siemon-company\\\/\",\"https:\\\/\\\/www.instagram.com\\\/siemon_company\\\/\"]}]}<\/script>\n<!-- \/ Yoast SEO Premium plugin. -->","yoast_head_json":{"title":"Services de conception de centres de donn\u00e9es : Garantir des performances et une fiabilit\u00e9 optimales","description":"B\u00e9n\u00e9ficiez d'une exploitation transparente de votre centre de donn\u00e9es gr\u00e2ce \u00e0 nos services de conception complets. Augmentez l'efficacit\u00e9 et minimisez les temps d'arr\u00eat.","robots":{"index":"index","follow":"follow","max-snippet":"max-snippet:-1","max-image-preview":"max-image-preview:large","max-video-preview":"max-video-preview:-1"},"canonical":"https:\/\/www.siemon.com\/fr\/environments\/data-centers\/siemon-data-center-services\/data-center-design-services\/","og_locale":"fr_FR","og_type":"article","og_title":"Services de conception de centres de donn\u00e9es","og_description":"B\u00e9n\u00e9ficiez d'une exploitation transparente de votre centre de donn\u00e9es gr\u00e2ce \u00e0 nos services de conception complets. Augmentez l'efficacit\u00e9 et minimisez les temps d'arr\u00eat.","og_url":"https:\/\/www.siemon.com\/fr\/environments\/data-centers\/siemon-data-center-services\/data-center-design-services\/","og_site_name":"Siemon","article_publisher":"https:\/\/www.facebook.com\/siemoncabling","article_modified_time":"2025-04-11T01:06:21+00:00","og_image":[{"width":500,"height":300,"url":"https:\/\/www.siemon.com\/wp-content\/uploads\/design-1.jpg","type":"image\/jpeg"}],"twitter_card":"summary_large_image","twitter_site":"@siemon","twitter_misc":{"Dur\u00e9e de lecture estim\u00e9e":"1 minute"},"schema":{"@context":"https:\/\/schema.org","@graph":[{"@type":"WebPage","@id":"https:\/\/www.siemon.com\/fr\/environments\/data-centers\/siemon-data-center-services\/data-center-design-services\/","url":"https:\/\/www.siemon.com\/fr\/environments\/data-centers\/siemon-data-center-services\/data-center-design-services\/","name":"Services de conception de centres de donn\u00e9es : Garantir des performances et une fiabilit\u00e9 optimales","isPartOf":{"@id":"https:\/\/www.siemon.com\/fr\/#website"},"primaryImageOfPage":{"@id":"https:\/\/www.siemon.com\/fr\/environments\/data-centers\/siemon-data-center-services\/data-center-design-services\/#primaryimage"},"image":{"@id":"https:\/\/www.siemon.com\/fr\/environments\/data-centers\/siemon-data-center-services\/data-center-design-services\/#primaryimage"},"thumbnailUrl":"https:\/\/www.siemon.com\/wp-content\/uploads\/design-1.jpg","datePublished":"2023-10-05T15:01:32+00:00","dateModified":"2025-04-11T01:06:21+00:00","description":"B\u00e9n\u00e9ficiez d'une exploitation transparente de votre centre de donn\u00e9es gr\u00e2ce \u00e0 nos services de conception complets. Augmentez l'efficacit\u00e9 et minimisez les temps d'arr\u00eat.","breadcrumb":{"@id":"https:\/\/www.siemon.com\/fr\/environments\/data-centers\/siemon-data-center-services\/data-center-design-services\/#breadcrumb"},"inLanguage":"fr-FR","potentialAction":[{"@type":"ReadAction","target":["https:\/\/www.siemon.com\/fr\/environments\/data-centers\/siemon-data-center-services\/data-center-design-services\/"]}]},{"@type":"ImageObject","inLanguage":"fr-FR","@id":"https:\/\/www.siemon.com\/fr\/environments\/data-centers\/siemon-data-center-services\/data-center-design-services\/#primaryimage","url":"https:\/\/www.siemon.com\/wp-content\/uploads\/design-1.jpg","contentUrl":"https:\/\/www.siemon.com\/wp-content\/uploads\/design-1.jpg","width":500,"height":300},{"@type":"BreadcrumbList","@id":"https:\/\/www.siemon.com\/fr\/environments\/data-centers\/siemon-data-center-services\/data-center-design-services\/#breadcrumb","itemListElement":[{"@type":"ListItem","position":1,"name":"Home","item":"https:\/\/www.siemon.com\/fr\/"},{"@type":"ListItem","position":2,"name":"Vos environnements","item":"https:\/\/www.siemon.com\/fr\/environments\/"},{"@type":"ListItem","position":3,"name":"Centres de donn\u00e9es","item":"https:\/\/www.siemon.com\/fr\/environments\/data-centers\/"},{"@type":"ListItem","position":4,"name":"Siemon Services de centre de donn\u00e9es","item":"https:\/\/www.siemon.com\/fr\/environments\/data-centers\/siemon-data-center-services\/"},{"@type":"ListItem","position":5,"name":"Services de conception de centres de donn\u00e9es"}]},{"@type":"WebSite","@id":"https:\/\/www.siemon.com\/fr\/#website","url":"https:\/\/www.siemon.com\/fr\/","name":"Siemon","description":"","publisher":{"@id":"https:\/\/www.siemon.com\/fr\/#organization"},"potentialAction":[{"@type":"SearchAction","target":{"@type":"EntryPoint","urlTemplate":"https:\/\/www.siemon.com\/fr\/?s={search_term_string}"},"query-input":{"@type":"PropertyValueSpecification","valueRequired":true,"valueName":"search_term_string"}}],"inLanguage":"fr-FR"},{"@type":"Organization","@id":"https:\/\/www.siemon.com\/fr\/#organization","name":"Siemon","url":"https:\/\/www.siemon.com\/fr\/","logo":{"@type":"ImageObject","inLanguage":"fr-FR","@id":"https:\/\/www.siemon.com\/fr\/#\/schema\/logo\/image\/","url":"https:\/\/www.siemon.com\/wp-content\/uploads\/Siemon_Logo-1.jpg","contentUrl":"https:\/\/www.siemon.com\/wp-content\/uploads\/Siemon_Logo-1.jpg","width":1800,"height":500,"caption":"Siemon"},"image":{"@id":"https:\/\/www.siemon.com\/fr\/#\/schema\/logo\/image\/"},"sameAs":["https:\/\/www.facebook.com\/siemoncabling","https:\/\/x.com\/siemon","https:\/\/www.youtube.com\/user\/SiemonNetworkCabling","https:\/\/www.linkedin.com\/company\/the-siemon-company\/","https:\/\/www.instagram.com\/siemon_company\/"]}]}},"_links":{"self":[{"href":"https:\/\/www.siemon.com\/fr\/wp-json\/wp\/v2\/pages\/23056","targetHints":{"allow":["GET"]}}],"collection":[{"href":"https:\/\/www.siemon.com\/fr\/wp-json\/wp\/v2\/pages"}],"about":[{"href":"https:\/\/www.siemon.com\/fr\/wp-json\/wp\/v2\/types\/page"}],"author":[{"embeddable":true,"href":"https:\/\/www.siemon.com\/fr\/wp-json\/wp\/v2\/users\/1"}],"replies":[{"embeddable":true,"href":"https:\/\/www.siemon.com\/fr\/wp-json\/wp\/v2\/comments?post=23056"}],"version-history":[{"count":0,"href":"https:\/\/www.siemon.com\/fr\/wp-json\/wp\/v2\/pages\/23056\/revisions"}],"up":[{"embeddable":true,"href":"https:\/\/www.siemon.com\/fr\/wp-json\/wp\/v2\/pages\/23064"}],"wp:featuredmedia":[{"embeddable":true,"href":"https:\/\/www.siemon.com\/fr\/wp-json\/wp\/v2\/media\/1660"}],"wp:attachment":[{"href":"https:\/\/www.siemon.com\/fr\/wp-json\/wp\/v2\/media?parent=23056"}],"curies":[{"name":"wp","href":"https:\/\/api.w.org\/{rel}","templated":true}]}}