{"id":23053,"date":"2023-12-07T20:56:01","date_gmt":"2023-12-07T20:56:01","guid":{"rendered":"https:\/\/www.siemon.com\/solutions-macro-cellulaires\/"},"modified":"2025-04-11T03:17:34","modified_gmt":"2025-04-11T03:17:34","slug":"macro-cell-solutions","status":"publish","type":"page","link":"https:\/\/www.siemon.com\/fr\/environments\/cellular-networks\/macro-cell-solutions\/","title":{"rendered":"Solutions macro-cellulaires"},"content":{"rendered":"","protected":false},"excerpt":{"rendered":"","protected":false},"author":2,"featured_media":11447,"parent":23055,"menu_order":3,"comment_status":"closed","ping_status":"closed","template":"","meta":{"_acf_changed":false,"inline_featured_image":false,"footnotes":""},"class_list":["post-23053","page","type-page","status-publish","has-post-thumbnail","hentry"],"acf":[],"yoast_head":"<!-- This site is optimized with the Yoast SEO Premium plugin v26.2 (Yoast SEO v27.3) - https:\/\/yoast.com\/product\/yoast-seo-premium-wordpress\/ -->\n<title>Solutions pour macrocellules : Tout ce qu&#039;il faut savoir<\/title>\n<meta name=\"description\" content=\"D\u00e9couvrez les avantages des solutions macrocellulaires en augmentant la capacit\u00e9 du r\u00e9seau et en offrant des vitesses de t\u00e9l\u00e9chargement plus rapides.\" \/>\n<meta name=\"robots\" content=\"index, follow, max-snippet:-1, max-image-preview:large, max-video-preview:-1\" \/>\n<link rel=\"canonical\" href=\"https:\/\/www.siemon.com\/fr\/environments\/cellular-networks\/macro-cell-solutions\/\" \/>\n<meta property=\"og:locale\" content=\"fr_FR\" \/>\n<meta property=\"og:type\" content=\"article\" \/>\n<meta property=\"og:title\" content=\"Solutions macro-cellulaires\" \/>\n<meta property=\"og:description\" content=\"D\u00e9couvrez les avantages des solutions macrocellulaires en augmentant la capacit\u00e9 du r\u00e9seau et en offrant des vitesses de t\u00e9l\u00e9chargement plus rapides.\" \/>\n<meta property=\"og:url\" content=\"https:\/\/www.siemon.com\/fr\/environments\/cellular-networks\/macro-cell-solutions\/\" \/>\n<meta property=\"og:site_name\" content=\"Siemon\" \/>\n<meta property=\"article:publisher\" content=\"https:\/\/www.facebook.com\/siemoncabling\" \/>\n<meta property=\"article:modified_time\" content=\"2025-04-11T03:17:34+00:00\" \/>\n<meta property=\"og:image\" content=\"https:\/\/www.siemon.com\/wp-content\/uploads\/Siemon_cellular-networks_macro-cell-solutions_Feature.jpg\" \/>\n\t<meta property=\"og:image:width\" content=\"800\" \/>\n\t<meta property=\"og:image:height\" content=\"600\" \/>\n\t<meta property=\"og:image:type\" content=\"image\/jpeg\" \/>\n<meta name=\"twitter:card\" content=\"summary_large_image\" \/>\n<meta name=\"twitter:site\" content=\"@siemon\" \/>\n<meta name=\"twitter:label1\" content=\"Dur\u00e9e de lecture estim\u00e9e\" \/>\n\t<meta name=\"twitter:data1\" content=\"1 minute\" \/>\n<script type=\"application\/ld+json\" class=\"yoast-schema-graph\">{\"@context\":\"https:\\\/\\\/schema.org\",\"@graph\":[{\"@type\":\"WebPage\",\"@id\":\"https:\\\/\\\/www.siemon.com\\\/fr\\\/environments\\\/cellular-networks\\\/macro-cell-solutions\\\/\",\"url\":\"https:\\\/\\\/www.siemon.com\\\/fr\\\/environments\\\/cellular-networks\\\/macro-cell-solutions\\\/\",\"name\":\"Solutions pour macrocellules : Tout ce qu'il faut savoir\",\"isPartOf\":{\"@id\":\"https:\\\/\\\/www.siemon.com\\\/fr\\\/#website\"},\"primaryImageOfPage\":{\"@id\":\"https:\\\/\\\/www.siemon.com\\\/fr\\\/environments\\\/cellular-networks\\\/macro-cell-solutions\\\/#primaryimage\"},\"image\":{\"@id\":\"https:\\\/\\\/www.siemon.com\\\/fr\\\/environments\\\/cellular-networks\\\/macro-cell-solutions\\\/#primaryimage\"},\"thumbnailUrl\":\"https:\\\/\\\/www.siemon.com\\\/wp-content\\\/uploads\\\/Siemon_cellular-networks_macro-cell-solutions_Feature.jpg\",\"datePublished\":\"2023-12-07T20:56:01+00:00\",\"dateModified\":\"2025-04-11T03:17:34+00:00\",\"description\":\"D\u00e9couvrez les avantages des solutions macrocellulaires en augmentant la capacit\u00e9 du r\u00e9seau et en offrant des vitesses de t\u00e9l\u00e9chargement plus rapides.\",\"breadcrumb\":{\"@id\":\"https:\\\/\\\/www.siemon.com\\\/fr\\\/environments\\\/cellular-networks\\\/macro-cell-solutions\\\/#breadcrumb\"},\"inLanguage\":\"fr-FR\",\"potentialAction\":[{\"@type\":\"ReadAction\",\"target\":[\"https:\\\/\\\/www.siemon.com\\\/fr\\\/environments\\\/cellular-networks\\\/macro-cell-solutions\\\/\"]}]},{\"@type\":\"ImageObject\",\"inLanguage\":\"fr-FR\",\"@id\":\"https:\\\/\\\/www.siemon.com\\\/fr\\\/environments\\\/cellular-networks\\\/macro-cell-solutions\\\/#primaryimage\",\"url\":\"https:\\\/\\\/www.siemon.com\\\/wp-content\\\/uploads\\\/Siemon_cellular-networks_macro-cell-solutions_Feature.jpg\",\"contentUrl\":\"https:\\\/\\\/www.siemon.com\\\/wp-content\\\/uploads\\\/Siemon_cellular-networks_macro-cell-solutions_Feature.jpg\",\"width\":800,\"height\":600,\"caption\":\"macro-cell-solutions_Feature\"},{\"@type\":\"BreadcrumbList\",\"@id\":\"https:\\\/\\\/www.siemon.com\\\/fr\\\/environments\\\/cellular-networks\\\/macro-cell-solutions\\\/#breadcrumb\",\"itemListElement\":[{\"@type\":\"ListItem\",\"position\":1,\"name\":\"Home\",\"item\":\"https:\\\/\\\/www.siemon.com\\\/fr\\\/\"},{\"@type\":\"ListItem\",\"position\":2,\"name\":\"Vos environnements\",\"item\":\"https:\\\/\\\/www.siemon.com\\\/fr\\\/environments\\\/\"},{\"@type\":\"ListItem\",\"position\":3,\"name\":\"R\u00e9seaux cellulaires\",\"item\":\"https:\\\/\\\/www.siemon.com\\\/fr\\\/environments\\\/cellular-networks\\\/\"},{\"@type\":\"ListItem\",\"position\":4,\"name\":\"Solutions macro-cellulaires\"}]},{\"@type\":\"WebSite\",\"@id\":\"https:\\\/\\\/www.siemon.com\\\/fr\\\/#website\",\"url\":\"https:\\\/\\\/www.siemon.com\\\/fr\\\/\",\"name\":\"Siemon\",\"description\":\"\",\"publisher\":{\"@id\":\"https:\\\/\\\/www.siemon.com\\\/fr\\\/#organization\"},\"potentialAction\":[{\"@type\":\"SearchAction\",\"target\":{\"@type\":\"EntryPoint\",\"urlTemplate\":\"https:\\\/\\\/www.siemon.com\\\/fr\\\/?s={search_term_string}\"},\"query-input\":{\"@type\":\"PropertyValueSpecification\",\"valueRequired\":true,\"valueName\":\"search_term_string\"}}],\"inLanguage\":\"fr-FR\"},{\"@type\":\"Organization\",\"@id\":\"https:\\\/\\\/www.siemon.com\\\/fr\\\/#organization\",\"name\":\"Siemon\",\"url\":\"https:\\\/\\\/www.siemon.com\\\/fr\\\/\",\"logo\":{\"@type\":\"ImageObject\",\"inLanguage\":\"fr-FR\",\"@id\":\"https:\\\/\\\/www.siemon.com\\\/fr\\\/#\\\/schema\\\/logo\\\/image\\\/\",\"url\":\"https:\\\/\\\/www.siemon.com\\\/wp-content\\\/uploads\\\/Siemon_Logo-1.jpg\",\"contentUrl\":\"https:\\\/\\\/www.siemon.com\\\/wp-content\\\/uploads\\\/Siemon_Logo-1.jpg\",\"width\":1800,\"height\":500,\"caption\":\"Siemon\"},\"image\":{\"@id\":\"https:\\\/\\\/www.siemon.com\\\/fr\\\/#\\\/schema\\\/logo\\\/image\\\/\"},\"sameAs\":[\"https:\\\/\\\/www.facebook.com\\\/siemoncabling\",\"https:\\\/\\\/x.com\\\/siemon\",\"https:\\\/\\\/www.youtube.com\\\/user\\\/SiemonNetworkCabling\",\"https:\\\/\\\/www.linkedin.com\\\/company\\\/the-siemon-company\\\/\",\"https:\\\/\\\/www.instagram.com\\\/siemon_company\\\/\"]}]}<\/script>\n<!-- \/ Yoast SEO Premium plugin. -->","yoast_head_json":{"title":"Solutions pour macrocellules : Tout ce qu'il faut savoir","description":"D\u00e9couvrez les avantages des solutions macrocellulaires en augmentant la capacit\u00e9 du r\u00e9seau et en offrant des vitesses de t\u00e9l\u00e9chargement plus rapides.","robots":{"index":"index","follow":"follow","max-snippet":"max-snippet:-1","max-image-preview":"max-image-preview:large","max-video-preview":"max-video-preview:-1"},"canonical":"https:\/\/www.siemon.com\/fr\/environments\/cellular-networks\/macro-cell-solutions\/","og_locale":"fr_FR","og_type":"article","og_title":"Solutions macro-cellulaires","og_description":"D\u00e9couvrez les avantages des solutions macrocellulaires en augmentant la capacit\u00e9 du r\u00e9seau et en offrant des vitesses de t\u00e9l\u00e9chargement plus rapides.","og_url":"https:\/\/www.siemon.com\/fr\/environments\/cellular-networks\/macro-cell-solutions\/","og_site_name":"Siemon","article_publisher":"https:\/\/www.facebook.com\/siemoncabling","article_modified_time":"2025-04-11T03:17:34+00:00","og_image":[{"width":800,"height":600,"url":"https:\/\/www.siemon.com\/wp-content\/uploads\/Siemon_cellular-networks_macro-cell-solutions_Feature.jpg","type":"image\/jpeg"}],"twitter_card":"summary_large_image","twitter_site":"@siemon","twitter_misc":{"Dur\u00e9e de lecture estim\u00e9e":"1 minute"},"schema":{"@context":"https:\/\/schema.org","@graph":[{"@type":"WebPage","@id":"https:\/\/www.siemon.com\/fr\/environments\/cellular-networks\/macro-cell-solutions\/","url":"https:\/\/www.siemon.com\/fr\/environments\/cellular-networks\/macro-cell-solutions\/","name":"Solutions pour macrocellules : Tout ce qu'il faut savoir","isPartOf":{"@id":"https:\/\/www.siemon.com\/fr\/#website"},"primaryImageOfPage":{"@id":"https:\/\/www.siemon.com\/fr\/environments\/cellular-networks\/macro-cell-solutions\/#primaryimage"},"image":{"@id":"https:\/\/www.siemon.com\/fr\/environments\/cellular-networks\/macro-cell-solutions\/#primaryimage"},"thumbnailUrl":"https:\/\/www.siemon.com\/wp-content\/uploads\/Siemon_cellular-networks_macro-cell-solutions_Feature.jpg","datePublished":"2023-12-07T20:56:01+00:00","dateModified":"2025-04-11T03:17:34+00:00","description":"D\u00e9couvrez les avantages des solutions macrocellulaires en augmentant la capacit\u00e9 du r\u00e9seau et en offrant des vitesses de t\u00e9l\u00e9chargement plus rapides.","breadcrumb":{"@id":"https:\/\/www.siemon.com\/fr\/environments\/cellular-networks\/macro-cell-solutions\/#breadcrumb"},"inLanguage":"fr-FR","potentialAction":[{"@type":"ReadAction","target":["https:\/\/www.siemon.com\/fr\/environments\/cellular-networks\/macro-cell-solutions\/"]}]},{"@type":"ImageObject","inLanguage":"fr-FR","@id":"https:\/\/www.siemon.com\/fr\/environments\/cellular-networks\/macro-cell-solutions\/#primaryimage","url":"https:\/\/www.siemon.com\/wp-content\/uploads\/Siemon_cellular-networks_macro-cell-solutions_Feature.jpg","contentUrl":"https:\/\/www.siemon.com\/wp-content\/uploads\/Siemon_cellular-networks_macro-cell-solutions_Feature.jpg","width":800,"height":600,"caption":"macro-cell-solutions_Feature"},{"@type":"BreadcrumbList","@id":"https:\/\/www.siemon.com\/fr\/environments\/cellular-networks\/macro-cell-solutions\/#breadcrumb","itemListElement":[{"@type":"ListItem","position":1,"name":"Home","item":"https:\/\/www.siemon.com\/fr\/"},{"@type":"ListItem","position":2,"name":"Vos environnements","item":"https:\/\/www.siemon.com\/fr\/environments\/"},{"@type":"ListItem","position":3,"name":"R\u00e9seaux cellulaires","item":"https:\/\/www.siemon.com\/fr\/environments\/cellular-networks\/"},{"@type":"ListItem","position":4,"name":"Solutions macro-cellulaires"}]},{"@type":"WebSite","@id":"https:\/\/www.siemon.com\/fr\/#website","url":"https:\/\/www.siemon.com\/fr\/","name":"Siemon","description":"","publisher":{"@id":"https:\/\/www.siemon.com\/fr\/#organization"},"potentialAction":[{"@type":"SearchAction","target":{"@type":"EntryPoint","urlTemplate":"https:\/\/www.siemon.com\/fr\/?s={search_term_string}"},"query-input":{"@type":"PropertyValueSpecification","valueRequired":true,"valueName":"search_term_string"}}],"inLanguage":"fr-FR"},{"@type":"Organization","@id":"https:\/\/www.siemon.com\/fr\/#organization","name":"Siemon","url":"https:\/\/www.siemon.com\/fr\/","logo":{"@type":"ImageObject","inLanguage":"fr-FR","@id":"https:\/\/www.siemon.com\/fr\/#\/schema\/logo\/image\/","url":"https:\/\/www.siemon.com\/wp-content\/uploads\/Siemon_Logo-1.jpg","contentUrl":"https:\/\/www.siemon.com\/wp-content\/uploads\/Siemon_Logo-1.jpg","width":1800,"height":500,"caption":"Siemon"},"image":{"@id":"https:\/\/www.siemon.com\/fr\/#\/schema\/logo\/image\/"},"sameAs":["https:\/\/www.facebook.com\/siemoncabling","https:\/\/x.com\/siemon","https:\/\/www.youtube.com\/user\/SiemonNetworkCabling","https:\/\/www.linkedin.com\/company\/the-siemon-company\/","https:\/\/www.instagram.com\/siemon_company\/"]}]}},"_links":{"self":[{"href":"https:\/\/www.siemon.com\/fr\/wp-json\/wp\/v2\/pages\/23053","targetHints":{"allow":["GET"]}}],"collection":[{"href":"https:\/\/www.siemon.com\/fr\/wp-json\/wp\/v2\/pages"}],"about":[{"href":"https:\/\/www.siemon.com\/fr\/wp-json\/wp\/v2\/types\/page"}],"author":[{"embeddable":true,"href":"https:\/\/www.siemon.com\/fr\/wp-json\/wp\/v2\/users\/2"}],"replies":[{"embeddable":true,"href":"https:\/\/www.siemon.com\/fr\/wp-json\/wp\/v2\/comments?post=23053"}],"version-history":[{"count":0,"href":"https:\/\/www.siemon.com\/fr\/wp-json\/wp\/v2\/pages\/23053\/revisions"}],"up":[{"embeddable":true,"href":"https:\/\/www.siemon.com\/fr\/wp-json\/wp\/v2\/pages\/23055"}],"wp:featuredmedia":[{"embeddable":true,"href":"https:\/\/www.siemon.com\/fr\/wp-json\/wp\/v2\/media\/11447"}],"wp:attachment":[{"href":"https:\/\/www.siemon.com\/fr\/wp-json\/wp\/v2\/media?parent=23053"}],"curies":[{"name":"wp","href":"https:\/\/api.w.org\/{rel}","templated":true}]}}