{"id":23044,"date":"2024-04-15T14:28:41","date_gmt":"2024-04-15T14:28:41","guid":{"rendered":"https:\/\/www.siemon.com\/challenges\/comment-se-preparer-au-wi-fi-de-nouvelle-generation\/"},"modified":"2025-04-11T01:21:32","modified_gmt":"2025-04-11T01:21:32","slug":"how-do-you-prepare-for-next-gen-wi-fi","status":"publish","type":"page","link":"https:\/\/www.siemon.com\/fr\/challenges\/how-do-you-prepare-for-next-gen-wi-fi\/","title":{"rendered":"Comment se pr\u00e9parer au Wi-Fi de nouvelle g\u00e9n\u00e9ration ?"},"content":{"rendered":"","protected":false},"excerpt":{"rendered":"","protected":false},"author":5,"featured_media":10741,"parent":21441,"menu_order":0,"comment_status":"closed","ping_status":"closed","template":"","meta":{"_acf_changed":false,"inline_featured_image":false,"footnotes":""},"class_list":["post-23044","page","type-page","status-publish","has-post-thumbnail","hentry"],"acf":[],"yoast_head":"<!-- This site is optimized with the Yoast SEO Premium plugin v26.2 (Yoast SEO v27.4) - https:\/\/yoast.com\/product\/yoast-seo-premium-wordpress\/ -->\n<title>Wi-Fi de nouvelle g\u00e9n\u00e9ration : comment se pr\u00e9parer \u00e0 l&#039;avenir<\/title>\n<meta name=\"description\" content=\"Pr\u00e9parez-vous \u00e0 l&#039;avenir du Wi-Fi gr\u00e2ce \u00e0 notre guide sur la pr\u00e9paration aux r\u00e9seaux Wi-Fi de nouvelle g\u00e9n\u00e9ration. Restez \u00e0 la pointe de la technologie et optimisez votre vitesse d&#039;acc\u00e8s \u00e0 l&#039;internet.\" \/>\n<meta name=\"robots\" content=\"index, follow, max-snippet:-1, max-image-preview:large, max-video-preview:-1\" \/>\n<link rel=\"canonical\" href=\"https:\/\/www.siemon.com\/fr\/challenges\/how-do-you-prepare-for-next-gen-wi-fi\/\" \/>\n<meta property=\"og:locale\" content=\"fr_FR\" \/>\n<meta property=\"og:type\" content=\"article\" \/>\n<meta property=\"og:title\" content=\"Comment se pr\u00e9parer au Wi-Fi de nouvelle g\u00e9n\u00e9ration ?\" \/>\n<meta property=\"og:description\" content=\"Pr\u00e9parez-vous \u00e0 l&#039;avenir du Wi-Fi gr\u00e2ce \u00e0 notre guide sur la pr\u00e9paration aux r\u00e9seaux Wi-Fi de nouvelle g\u00e9n\u00e9ration. Restez \u00e0 la pointe de la technologie et optimisez votre vitesse d&#039;acc\u00e8s \u00e0 l&#039;internet.\" \/>\n<meta property=\"og:url\" content=\"https:\/\/www.siemon.com\/fr\/challenges\/how-do-you-prepare-for-next-gen-wi-fi\/\" \/>\n<meta property=\"og:site_name\" content=\"Siemon\" \/>\n<meta property=\"article:publisher\" content=\"https:\/\/www.facebook.com\/siemoncabling\" \/>\n<meta property=\"article:modified_time\" content=\"2025-04-11T01:21:32+00:00\" \/>\n<meta property=\"og:image\" content=\"https:\/\/www.siemon.com\/wp-content\/uploads\/siemon_cloud-evolution_session-7_impact-of-hyper-density-and-vsff_Feature-1.jpg\" \/>\n\t<meta property=\"og:image:width\" content=\"800\" \/>\n\t<meta property=\"og:image:height\" content=\"500\" \/>\n\t<meta property=\"og:image:type\" content=\"image\/jpeg\" \/>\n<meta name=\"twitter:card\" content=\"summary_large_image\" \/>\n<meta name=\"twitter:site\" content=\"@siemon\" \/>\n<meta name=\"twitter:label1\" content=\"Dur\u00e9e de lecture estim\u00e9e\" \/>\n\t<meta name=\"twitter:data1\" content=\"1 minute\" \/>\n<script type=\"application\/ld+json\" class=\"yoast-schema-graph\">{\"@context\":\"https:\\\/\\\/schema.org\",\"@graph\":[{\"@type\":\"WebPage\",\"@id\":\"https:\\\/\\\/www.siemon.com\\\/fr\\\/challenges\\\/how-do-you-prepare-for-next-gen-wi-fi\\\/\",\"url\":\"https:\\\/\\\/www.siemon.com\\\/fr\\\/challenges\\\/how-do-you-prepare-for-next-gen-wi-fi\\\/\",\"name\":\"Wi-Fi de nouvelle g\u00e9n\u00e9ration : comment se pr\u00e9parer \u00e0 l'avenir\",\"isPartOf\":{\"@id\":\"https:\\\/\\\/www.siemon.com\\\/fr\\\/#website\"},\"primaryImageOfPage\":{\"@id\":\"https:\\\/\\\/www.siemon.com\\\/fr\\\/challenges\\\/how-do-you-prepare-for-next-gen-wi-fi\\\/#primaryimage\"},\"image\":{\"@id\":\"https:\\\/\\\/www.siemon.com\\\/fr\\\/challenges\\\/how-do-you-prepare-for-next-gen-wi-fi\\\/#primaryimage\"},\"thumbnailUrl\":\"https:\\\/\\\/www.siemon.com\\\/wp-content\\\/uploads\\\/siemon_cloud-evolution_session-7_impact-of-hyper-density-and-vsff_Feature-1.jpg\",\"datePublished\":\"2024-04-15T14:28:41+00:00\",\"dateModified\":\"2025-04-11T01:21:32+00:00\",\"description\":\"Pr\u00e9parez-vous \u00e0 l'avenir du Wi-Fi gr\u00e2ce \u00e0 notre guide sur la pr\u00e9paration aux r\u00e9seaux Wi-Fi de nouvelle g\u00e9n\u00e9ration. Restez \u00e0 la pointe de la technologie et optimisez votre vitesse d'acc\u00e8s \u00e0 l'internet.\",\"breadcrumb\":{\"@id\":\"https:\\\/\\\/www.siemon.com\\\/fr\\\/challenges\\\/how-do-you-prepare-for-next-gen-wi-fi\\\/#breadcrumb\"},\"inLanguage\":\"fr-FR\",\"potentialAction\":[{\"@type\":\"ReadAction\",\"target\":[\"https:\\\/\\\/www.siemon.com\\\/fr\\\/challenges\\\/how-do-you-prepare-for-next-gen-wi-fi\\\/\"]}]},{\"@type\":\"ImageObject\",\"inLanguage\":\"fr-FR\",\"@id\":\"https:\\\/\\\/www.siemon.com\\\/fr\\\/challenges\\\/how-do-you-prepare-for-next-gen-wi-fi\\\/#primaryimage\",\"url\":\"https:\\\/\\\/www.siemon.com\\\/wp-content\\\/uploads\\\/siemon_cloud-evolution_session-7_impact-of-hyper-density-and-vsff_Feature-1.jpg\",\"contentUrl\":\"https:\\\/\\\/www.siemon.com\\\/wp-content\\\/uploads\\\/siemon_cloud-evolution_session-7_impact-of-hyper-density-and-vsff_Feature-1.jpg\",\"width\":800,\"height\":500,\"caption\":\"cloud-evolution_session-7_impact-of-hyper-density-and-vsff_Feature\"},{\"@type\":\"BreadcrumbList\",\"@id\":\"https:\\\/\\\/www.siemon.com\\\/fr\\\/challenges\\\/how-do-you-prepare-for-next-gen-wi-fi\\\/#breadcrumb\",\"itemListElement\":[{\"@type\":\"ListItem\",\"position\":1,\"name\":\"Home\",\"item\":\"https:\\\/\\\/www.siemon.com\\\/fr\\\/\"},{\"@type\":\"ListItem\",\"position\":2,\"name\":\"Vos d\u00e9fis\",\"item\":\"https:\\\/\\\/www.siemon.com\\\/fr\\\/challenges\\\/\"},{\"@type\":\"ListItem\",\"position\":3,\"name\":\"Comment se pr\u00e9parer au Wi-Fi de nouvelle g\u00e9n\u00e9ration ?\"}]},{\"@type\":\"WebSite\",\"@id\":\"https:\\\/\\\/www.siemon.com\\\/fr\\\/#website\",\"url\":\"https:\\\/\\\/www.siemon.com\\\/fr\\\/\",\"name\":\"Siemon\",\"description\":\"\",\"publisher\":{\"@id\":\"https:\\\/\\\/www.siemon.com\\\/fr\\\/#organization\"},\"potentialAction\":[{\"@type\":\"SearchAction\",\"target\":{\"@type\":\"EntryPoint\",\"urlTemplate\":\"https:\\\/\\\/www.siemon.com\\\/fr\\\/?s={search_term_string}\"},\"query-input\":{\"@type\":\"PropertyValueSpecification\",\"valueRequired\":true,\"valueName\":\"search_term_string\"}}],\"inLanguage\":\"fr-FR\"},{\"@type\":\"Organization\",\"@id\":\"https:\\\/\\\/www.siemon.com\\\/fr\\\/#organization\",\"name\":\"Siemon\",\"url\":\"https:\\\/\\\/www.siemon.com\\\/fr\\\/\",\"logo\":{\"@type\":\"ImageObject\",\"inLanguage\":\"fr-FR\",\"@id\":\"https:\\\/\\\/www.siemon.com\\\/fr\\\/#\\\/schema\\\/logo\\\/image\\\/\",\"url\":\"https:\\\/\\\/www.siemon.com\\\/wp-content\\\/uploads\\\/Siemon_Logo-1.jpg\",\"contentUrl\":\"https:\\\/\\\/www.siemon.com\\\/wp-content\\\/uploads\\\/Siemon_Logo-1.jpg\",\"width\":1800,\"height\":500,\"caption\":\"Siemon\"},\"image\":{\"@id\":\"https:\\\/\\\/www.siemon.com\\\/fr\\\/#\\\/schema\\\/logo\\\/image\\\/\"},\"sameAs\":[\"https:\\\/\\\/www.facebook.com\\\/siemoncabling\",\"https:\\\/\\\/x.com\\\/siemon\",\"https:\\\/\\\/www.youtube.com\\\/user\\\/SiemonNetworkCabling\",\"https:\\\/\\\/www.linkedin.com\\\/company\\\/the-siemon-company\\\/\",\"https:\\\/\\\/www.instagram.com\\\/siemon_company\\\/\"]}]}<\/script>\n<!-- \/ Yoast SEO Premium plugin. -->","yoast_head_json":{"title":"Wi-Fi de nouvelle g\u00e9n\u00e9ration : comment se pr\u00e9parer \u00e0 l'avenir","description":"Pr\u00e9parez-vous \u00e0 l'avenir du Wi-Fi gr\u00e2ce \u00e0 notre guide sur la pr\u00e9paration aux r\u00e9seaux Wi-Fi de nouvelle g\u00e9n\u00e9ration. Restez \u00e0 la pointe de la technologie et optimisez votre vitesse d'acc\u00e8s \u00e0 l'internet.","robots":{"index":"index","follow":"follow","max-snippet":"max-snippet:-1","max-image-preview":"max-image-preview:large","max-video-preview":"max-video-preview:-1"},"canonical":"https:\/\/www.siemon.com\/fr\/challenges\/how-do-you-prepare-for-next-gen-wi-fi\/","og_locale":"fr_FR","og_type":"article","og_title":"Comment se pr\u00e9parer au Wi-Fi de nouvelle g\u00e9n\u00e9ration ?","og_description":"Pr\u00e9parez-vous \u00e0 l'avenir du Wi-Fi gr\u00e2ce \u00e0 notre guide sur la pr\u00e9paration aux r\u00e9seaux Wi-Fi de nouvelle g\u00e9n\u00e9ration. Restez \u00e0 la pointe de la technologie et optimisez votre vitesse d'acc\u00e8s \u00e0 l'internet.","og_url":"https:\/\/www.siemon.com\/fr\/challenges\/how-do-you-prepare-for-next-gen-wi-fi\/","og_site_name":"Siemon","article_publisher":"https:\/\/www.facebook.com\/siemoncabling","article_modified_time":"2025-04-11T01:21:32+00:00","og_image":[{"width":800,"height":500,"url":"https:\/\/www.siemon.com\/wp-content\/uploads\/siemon_cloud-evolution_session-7_impact-of-hyper-density-and-vsff_Feature-1.jpg","type":"image\/jpeg"}],"twitter_card":"summary_large_image","twitter_site":"@siemon","twitter_misc":{"Dur\u00e9e de lecture estim\u00e9e":"1 minute"},"schema":{"@context":"https:\/\/schema.org","@graph":[{"@type":"WebPage","@id":"https:\/\/www.siemon.com\/fr\/challenges\/how-do-you-prepare-for-next-gen-wi-fi\/","url":"https:\/\/www.siemon.com\/fr\/challenges\/how-do-you-prepare-for-next-gen-wi-fi\/","name":"Wi-Fi de nouvelle g\u00e9n\u00e9ration : comment se pr\u00e9parer \u00e0 l'avenir","isPartOf":{"@id":"https:\/\/www.siemon.com\/fr\/#website"},"primaryImageOfPage":{"@id":"https:\/\/www.siemon.com\/fr\/challenges\/how-do-you-prepare-for-next-gen-wi-fi\/#primaryimage"},"image":{"@id":"https:\/\/www.siemon.com\/fr\/challenges\/how-do-you-prepare-for-next-gen-wi-fi\/#primaryimage"},"thumbnailUrl":"https:\/\/www.siemon.com\/wp-content\/uploads\/siemon_cloud-evolution_session-7_impact-of-hyper-density-and-vsff_Feature-1.jpg","datePublished":"2024-04-15T14:28:41+00:00","dateModified":"2025-04-11T01:21:32+00:00","description":"Pr\u00e9parez-vous \u00e0 l'avenir du Wi-Fi gr\u00e2ce \u00e0 notre guide sur la pr\u00e9paration aux r\u00e9seaux Wi-Fi de nouvelle g\u00e9n\u00e9ration. Restez \u00e0 la pointe de la technologie et optimisez votre vitesse d'acc\u00e8s \u00e0 l'internet.","breadcrumb":{"@id":"https:\/\/www.siemon.com\/fr\/challenges\/how-do-you-prepare-for-next-gen-wi-fi\/#breadcrumb"},"inLanguage":"fr-FR","potentialAction":[{"@type":"ReadAction","target":["https:\/\/www.siemon.com\/fr\/challenges\/how-do-you-prepare-for-next-gen-wi-fi\/"]}]},{"@type":"ImageObject","inLanguage":"fr-FR","@id":"https:\/\/www.siemon.com\/fr\/challenges\/how-do-you-prepare-for-next-gen-wi-fi\/#primaryimage","url":"https:\/\/www.siemon.com\/wp-content\/uploads\/siemon_cloud-evolution_session-7_impact-of-hyper-density-and-vsff_Feature-1.jpg","contentUrl":"https:\/\/www.siemon.com\/wp-content\/uploads\/siemon_cloud-evolution_session-7_impact-of-hyper-density-and-vsff_Feature-1.jpg","width":800,"height":500,"caption":"cloud-evolution_session-7_impact-of-hyper-density-and-vsff_Feature"},{"@type":"BreadcrumbList","@id":"https:\/\/www.siemon.com\/fr\/challenges\/how-do-you-prepare-for-next-gen-wi-fi\/#breadcrumb","itemListElement":[{"@type":"ListItem","position":1,"name":"Home","item":"https:\/\/www.siemon.com\/fr\/"},{"@type":"ListItem","position":2,"name":"Vos d\u00e9fis","item":"https:\/\/www.siemon.com\/fr\/challenges\/"},{"@type":"ListItem","position":3,"name":"Comment se pr\u00e9parer au Wi-Fi de nouvelle g\u00e9n\u00e9ration ?"}]},{"@type":"WebSite","@id":"https:\/\/www.siemon.com\/fr\/#website","url":"https:\/\/www.siemon.com\/fr\/","name":"Siemon","description":"","publisher":{"@id":"https:\/\/www.siemon.com\/fr\/#organization"},"potentialAction":[{"@type":"SearchAction","target":{"@type":"EntryPoint","urlTemplate":"https:\/\/www.siemon.com\/fr\/?s={search_term_string}"},"query-input":{"@type":"PropertyValueSpecification","valueRequired":true,"valueName":"search_term_string"}}],"inLanguage":"fr-FR"},{"@type":"Organization","@id":"https:\/\/www.siemon.com\/fr\/#organization","name":"Siemon","url":"https:\/\/www.siemon.com\/fr\/","logo":{"@type":"ImageObject","inLanguage":"fr-FR","@id":"https:\/\/www.siemon.com\/fr\/#\/schema\/logo\/image\/","url":"https:\/\/www.siemon.com\/wp-content\/uploads\/Siemon_Logo-1.jpg","contentUrl":"https:\/\/www.siemon.com\/wp-content\/uploads\/Siemon_Logo-1.jpg","width":1800,"height":500,"caption":"Siemon"},"image":{"@id":"https:\/\/www.siemon.com\/fr\/#\/schema\/logo\/image\/"},"sameAs":["https:\/\/www.facebook.com\/siemoncabling","https:\/\/x.com\/siemon","https:\/\/www.youtube.com\/user\/SiemonNetworkCabling","https:\/\/www.linkedin.com\/company\/the-siemon-company\/","https:\/\/www.instagram.com\/siemon_company\/"]}]}},"_links":{"self":[{"href":"https:\/\/www.siemon.com\/fr\/wp-json\/wp\/v2\/pages\/23044","targetHints":{"allow":["GET"]}}],"collection":[{"href":"https:\/\/www.siemon.com\/fr\/wp-json\/wp\/v2\/pages"}],"about":[{"href":"https:\/\/www.siemon.com\/fr\/wp-json\/wp\/v2\/types\/page"}],"author":[{"embeddable":true,"href":"https:\/\/www.siemon.com\/fr\/wp-json\/wp\/v2\/users\/5"}],"replies":[{"embeddable":true,"href":"https:\/\/www.siemon.com\/fr\/wp-json\/wp\/v2\/comments?post=23044"}],"version-history":[{"count":0,"href":"https:\/\/www.siemon.com\/fr\/wp-json\/wp\/v2\/pages\/23044\/revisions"}],"up":[{"embeddable":true,"href":"https:\/\/www.siemon.com\/fr\/wp-json\/wp\/v2\/pages\/21441"}],"wp:featuredmedia":[{"embeddable":true,"href":"https:\/\/www.siemon.com\/fr\/wp-json\/wp\/v2\/media\/10741"}],"wp:attachment":[{"href":"https:\/\/www.siemon.com\/fr\/wp-json\/wp\/v2\/media?parent=23044"}],"curies":[{"name":"wp","href":"https:\/\/api.w.org\/{rel}","templated":true}]}}