{"id":23761,"date":"2022-11-16T10:32:00","date_gmt":"2022-11-16T10:32:00","guid":{"rendered":"https:\/\/www.siemon.com\/startseite\/"},"modified":"2025-08-27T14:36:04","modified_gmt":"2025-08-27T14:36:04","slug":"startseite","status":"publish","type":"page","link":"https:\/\/www.siemon.com\/de\/","title":{"rendered":"Startseite"},"content":{"rendered":"\r\n<p>Dies ist eine Beispielseite. Sie unterscheidet sich von einem Blogbeitrag, weil sie an einem Ort bleibt und in der Navigation Ihrer Website angezeigt wird (in den meisten Themes). Die meisten Menschen beginnen mit einer \u00dcber-Seite, die sie potenziellen Besuchern der Website vorstellt. Sie k\u00f6nnte etwa so lauten:<\/p>\r\n\r\n\r\n\r\n<blockquote class=\"wp-block-quote is-layout-flow wp-block-quote-is-layout-flow\">\r\n<p>Hallo zusammen! Tags\u00fcber bin ich Fahrradkurier, nachts aufstrebender Schauspieler, und das hier ist meine Website. Ich lebe in Los Angeles, habe einen tollen Hund namens Jack, und ich mag Pi\u00f1a Coladas. (Und vom Regen \u00fcberrascht zu werden.)<\/p>\r\n<\/blockquote>\r\n\r\n\r\n\r\n<p>&#8230;oder etwas in dieser Art:<\/p>\r\n\r\n\r\n\r\n<blockquote class=\"wp-block-quote is-layout-flow wp-block-quote-is-layout-flow\">\r\n<p>Die XYZ Doohickey Company wurde 1971 gegr\u00fcndet und liefert seitdem hochwertige Doohickeys an die \u00d6ffentlichkeit. XYZ hat seinen Sitz in Gotham City und besch\u00e4ftigt \u00fcber 2.000 Mitarbeiter, die alle m\u00f6glichen gro\u00dfartigen Dinge f\u00fcr die Gotham Community tun.<\/p>\r\n<\/blockquote>\r\n\r\n\r\n\r\n<p>Als neuer WordPress-Benutzer sollten Sie zu <a href=\"https:\/\/www.siemon.com\/wp-admin\/\">Ihrem Dashboard<\/a> gehen, um diese Seite zu l\u00f6schen und neue Seiten f\u00fcr Ihre Inhalte zu erstellen. Viel Spa\u00df!<\/p>\r\n","protected":false},"excerpt":{"rendered":"<p>Dies ist eine Beispielseite. Sie unterscheidet sich von einem Blogbeitrag, weil sie an einem Ort bleibt und in der Navigation<\/p>\n","protected":false},"author":1,"featured_media":12779,"parent":0,"menu_order":0,"comment_status":"closed","ping_status":"closed","template":"","meta":{"_acf_changed":false,"inline_featured_image":false,"footnotes":""},"class_list":["post-23761","page","type-page","status-publish","has-post-thumbnail","hentry"],"acf":[],"yoast_head":"<!-- This site is optimized with the Yoast SEO Premium plugin v26.2 (Yoast SEO v27.4) - https:\/\/yoast.com\/product\/yoast-seo-premium-wordpress\/ -->\n<title>Siemon | Hochleistungsf\u00e4hige IT-Infrastrukturl\u00f6sungen<\/title>\n<meta name=\"description\" content=\"Hochwertige, leistungsstarke IT-Infrastrukturl\u00f6sungen und -dienstleistungen f\u00fcr Rechenzentren, Mobilfunknetze und intelligente Geb\u00e4ude, einschlie\u00dflich Kupfer- und Glasfaserverkabelungssysteme, Schr\u00e4nke und mehr.\" \/>\n<meta name=\"robots\" content=\"index, follow, max-snippet:-1, max-image-preview:large, max-video-preview:-1\" \/>\n<link rel=\"canonical\" href=\"https:\/\/www.siemon.com\/de\/\" \/>\n<meta property=\"og:locale\" content=\"de_DE\" \/>\n<meta property=\"og:type\" content=\"article\" \/>\n<meta property=\"og:title\" content=\"Siemon | Hochleistungsf\u00e4hige IT-Infrastrukturl\u00f6sungen\" \/>\n<meta property=\"og:description\" content=\"Hochwertige, leistungsstarke IT-Infrastrukturl\u00f6sungen und -dienstleistungen f\u00fcr Rechenzentren, Mobilfunknetze und intelligente Geb\u00e4ude, einschlie\u00dflich Kupfer- und Glasfaserverkabelungssysteme, Schr\u00e4nke und mehr.\" \/>\n<meta property=\"og:url\" content=\"https:\/\/www.siemon.com\/de\/\" \/>\n<meta property=\"og:site_name\" content=\"Siemon\" \/>\n<meta property=\"article:publisher\" content=\"https:\/\/www.facebook.com\/siemoncabling\" \/>\n<meta property=\"article:modified_time\" content=\"2025-08-27T14:36:04+00:00\" \/>\n<meta property=\"og:image\" content=\"https:\/\/www.siemon.com\/wp-content\/uploads\/Siemon_Homepage_Feature.jpg\" \/>\n\t<meta property=\"og:image:width\" content=\"800\" \/>\n\t<meta property=\"og:image:height\" content=\"600\" \/>\n\t<meta property=\"og:image:type\" content=\"image\/jpeg\" \/>\n<meta name=\"twitter:card\" content=\"summary_large_image\" \/>\n<meta name=\"twitter:title\" content=\"Startseite\" \/>\n<meta name=\"twitter:site\" content=\"@siemon\" \/>\n<meta name=\"twitter:label1\" content=\"Gesch\u00e4tzte Lesezeit\" \/>\n\t<meta name=\"twitter:data1\" content=\"1 Minute\" \/>\n<script type=\"application\/ld+json\" class=\"yoast-schema-graph\">{\"@context\":\"https:\\\/\\\/schema.org\",\"@graph\":[{\"@type\":\"WebPage\",\"@id\":\"https:\\\/\\\/www.siemon.com\\\/de\\\/\",\"url\":\"https:\\\/\\\/www.siemon.com\\\/de\\\/\",\"name\":\"Siemon | Hochleistungsf\u00e4hige IT-Infrastrukturl\u00f6sungen\",\"isPartOf\":{\"@id\":\"https:\\\/\\\/www.siemon.com\\\/de\\\/#website\"},\"primaryImageOfPage\":{\"@id\":\"https:\\\/\\\/www.siemon.com\\\/de\\\/#primaryimage\"},\"image\":{\"@id\":\"https:\\\/\\\/www.siemon.com\\\/de\\\/#primaryimage\"},\"thumbnailUrl\":\"https:\\\/\\\/www.siemon.com\\\/wp-content\\\/uploads\\\/Siemon_Homepage_Feature.jpg\",\"datePublished\":\"2022-11-16T10:32:00+00:00\",\"dateModified\":\"2025-08-27T14:36:04+00:00\",\"description\":\"Hochwertige, leistungsstarke IT-Infrastrukturl\u00f6sungen und -dienstleistungen f\u00fcr Rechenzentren, Mobilfunknetze und intelligente Geb\u00e4ude, einschlie\u00dflich Kupfer- und Glasfaserverkabelungssysteme, Schr\u00e4nke und mehr.\",\"breadcrumb\":{\"@id\":\"https:\\\/\\\/www.siemon.com\\\/de\\\/#breadcrumb\"},\"inLanguage\":\"de-DE\",\"potentialAction\":[{\"@type\":\"ReadAction\",\"target\":[\"https:\\\/\\\/www.siemon.com\\\/de\\\/\"]}]},{\"@type\":\"ImageObject\",\"inLanguage\":\"de-DE\",\"@id\":\"https:\\\/\\\/www.siemon.com\\\/de\\\/#primaryimage\",\"url\":\"https:\\\/\\\/www.siemon.com\\\/wp-content\\\/uploads\\\/Siemon_Homepage_Feature.jpg\",\"contentUrl\":\"https:\\\/\\\/www.siemon.com\\\/wp-content\\\/uploads\\\/Siemon_Homepage_Feature.jpg\",\"width\":800,\"height\":600,\"caption\":\"Siemon Homepage Feature Photo\"},{\"@type\":\"BreadcrumbList\",\"@id\":\"https:\\\/\\\/www.siemon.com\\\/de\\\/#breadcrumb\",\"itemListElement\":[{\"@type\":\"ListItem\",\"position\":1,\"name\":\"Home\",\"item\":\"https:\\\/\\\/www.siemon.com\\\/de\\\/\"},{\"@type\":\"ListItem\",\"position\":2,\"name\":\"Startseite\"}]},{\"@type\":\"WebSite\",\"@id\":\"https:\\\/\\\/www.siemon.com\\\/de\\\/#website\",\"url\":\"https:\\\/\\\/www.siemon.com\\\/de\\\/\",\"name\":\"Siemon\",\"description\":\"\",\"publisher\":{\"@id\":\"https:\\\/\\\/www.siemon.com\\\/de\\\/#organization\"},\"potentialAction\":[{\"@type\":\"SearchAction\",\"target\":{\"@type\":\"EntryPoint\",\"urlTemplate\":\"https:\\\/\\\/www.siemon.com\\\/de\\\/?s={search_term_string}\"},\"query-input\":{\"@type\":\"PropertyValueSpecification\",\"valueRequired\":true,\"valueName\":\"search_term_string\"}}],\"inLanguage\":\"de-DE\"},{\"@type\":\"Organization\",\"@id\":\"https:\\\/\\\/www.siemon.com\\\/de\\\/#organization\",\"name\":\"Siemon\",\"url\":\"https:\\\/\\\/www.siemon.com\\\/de\\\/\",\"logo\":{\"@type\":\"ImageObject\",\"inLanguage\":\"de-DE\",\"@id\":\"https:\\\/\\\/www.siemon.com\\\/de\\\/#\\\/schema\\\/logo\\\/image\\\/\",\"url\":\"https:\\\/\\\/www.siemon.com\\\/wp-content\\\/uploads\\\/Siemon_Logo-1.jpg\",\"contentUrl\":\"https:\\\/\\\/www.siemon.com\\\/wp-content\\\/uploads\\\/Siemon_Logo-1.jpg\",\"width\":1800,\"height\":500,\"caption\":\"Siemon\"},\"image\":{\"@id\":\"https:\\\/\\\/www.siemon.com\\\/de\\\/#\\\/schema\\\/logo\\\/image\\\/\"},\"sameAs\":[\"https:\\\/\\\/www.facebook.com\\\/siemoncabling\",\"https:\\\/\\\/x.com\\\/siemon\",\"https:\\\/\\\/www.youtube.com\\\/user\\\/SiemonNetworkCabling\",\"https:\\\/\\\/www.linkedin.com\\\/company\\\/the-siemon-company\\\/\",\"https:\\\/\\\/www.instagram.com\\\/siemon_company\\\/\"]}]}<\/script>\n<!-- \/ Yoast SEO Premium plugin. -->","yoast_head_json":{"title":"Siemon | Hochleistungsf\u00e4hige IT-Infrastrukturl\u00f6sungen","description":"Hochwertige, leistungsstarke IT-Infrastrukturl\u00f6sungen und -dienstleistungen f\u00fcr Rechenzentren, Mobilfunknetze und intelligente Geb\u00e4ude, einschlie\u00dflich Kupfer- und Glasfaserverkabelungssysteme, Schr\u00e4nke und mehr.","robots":{"index":"index","follow":"follow","max-snippet":"max-snippet:-1","max-image-preview":"max-image-preview:large","max-video-preview":"max-video-preview:-1"},"canonical":"https:\/\/www.siemon.com\/de\/","og_locale":"de_DE","og_type":"article","og_title":"Siemon | Hochleistungsf\u00e4hige IT-Infrastrukturl\u00f6sungen","og_description":"Hochwertige, leistungsstarke IT-Infrastrukturl\u00f6sungen und -dienstleistungen f\u00fcr Rechenzentren, Mobilfunknetze und intelligente Geb\u00e4ude, einschlie\u00dflich Kupfer- und Glasfaserverkabelungssysteme, Schr\u00e4nke und mehr.","og_url":"https:\/\/www.siemon.com\/de\/","og_site_name":"Siemon","article_publisher":"https:\/\/www.facebook.com\/siemoncabling","article_modified_time":"2025-08-27T14:36:04+00:00","og_image":[{"width":800,"height":600,"url":"https:\/\/www.siemon.com\/wp-content\/uploads\/Siemon_Homepage_Feature.jpg","type":"image\/jpeg"}],"twitter_card":"summary_large_image","twitter_title":"Startseite","twitter_site":"@siemon","twitter_misc":{"Gesch\u00e4tzte Lesezeit":"1 Minute"},"schema":{"@context":"https:\/\/schema.org","@graph":[{"@type":"WebPage","@id":"https:\/\/www.siemon.com\/de\/","url":"https:\/\/www.siemon.com\/de\/","name":"Siemon | Hochleistungsf\u00e4hige IT-Infrastrukturl\u00f6sungen","isPartOf":{"@id":"https:\/\/www.siemon.com\/de\/#website"},"primaryImageOfPage":{"@id":"https:\/\/www.siemon.com\/de\/#primaryimage"},"image":{"@id":"https:\/\/www.siemon.com\/de\/#primaryimage"},"thumbnailUrl":"https:\/\/www.siemon.com\/wp-content\/uploads\/Siemon_Homepage_Feature.jpg","datePublished":"2022-11-16T10:32:00+00:00","dateModified":"2025-08-27T14:36:04+00:00","description":"Hochwertige, leistungsstarke IT-Infrastrukturl\u00f6sungen und -dienstleistungen f\u00fcr Rechenzentren, Mobilfunknetze und intelligente Geb\u00e4ude, einschlie\u00dflich Kupfer- und Glasfaserverkabelungssysteme, Schr\u00e4nke und mehr.","breadcrumb":{"@id":"https:\/\/www.siemon.com\/de\/#breadcrumb"},"inLanguage":"de-DE","potentialAction":[{"@type":"ReadAction","target":["https:\/\/www.siemon.com\/de\/"]}]},{"@type":"ImageObject","inLanguage":"de-DE","@id":"https:\/\/www.siemon.com\/de\/#primaryimage","url":"https:\/\/www.siemon.com\/wp-content\/uploads\/Siemon_Homepage_Feature.jpg","contentUrl":"https:\/\/www.siemon.com\/wp-content\/uploads\/Siemon_Homepage_Feature.jpg","width":800,"height":600,"caption":"Siemon Homepage Feature Photo"},{"@type":"BreadcrumbList","@id":"https:\/\/www.siemon.com\/de\/#breadcrumb","itemListElement":[{"@type":"ListItem","position":1,"name":"Home","item":"https:\/\/www.siemon.com\/de\/"},{"@type":"ListItem","position":2,"name":"Startseite"}]},{"@type":"WebSite","@id":"https:\/\/www.siemon.com\/de\/#website","url":"https:\/\/www.siemon.com\/de\/","name":"Siemon","description":"","publisher":{"@id":"https:\/\/www.siemon.com\/de\/#organization"},"potentialAction":[{"@type":"SearchAction","target":{"@type":"EntryPoint","urlTemplate":"https:\/\/www.siemon.com\/de\/?s={search_term_string}"},"query-input":{"@type":"PropertyValueSpecification","valueRequired":true,"valueName":"search_term_string"}}],"inLanguage":"de-DE"},{"@type":"Organization","@id":"https:\/\/www.siemon.com\/de\/#organization","name":"Siemon","url":"https:\/\/www.siemon.com\/de\/","logo":{"@type":"ImageObject","inLanguage":"de-DE","@id":"https:\/\/www.siemon.com\/de\/#\/schema\/logo\/image\/","url":"https:\/\/www.siemon.com\/wp-content\/uploads\/Siemon_Logo-1.jpg","contentUrl":"https:\/\/www.siemon.com\/wp-content\/uploads\/Siemon_Logo-1.jpg","width":1800,"height":500,"caption":"Siemon"},"image":{"@id":"https:\/\/www.siemon.com\/de\/#\/schema\/logo\/image\/"},"sameAs":["https:\/\/www.facebook.com\/siemoncabling","https:\/\/x.com\/siemon","https:\/\/www.youtube.com\/user\/SiemonNetworkCabling","https:\/\/www.linkedin.com\/company\/the-siemon-company\/","https:\/\/www.instagram.com\/siemon_company\/"]}]}},"_links":{"self":[{"href":"https:\/\/www.siemon.com\/de\/wp-json\/wp\/v2\/pages\/23761","targetHints":{"allow":["GET"]}}],"collection":[{"href":"https:\/\/www.siemon.com\/de\/wp-json\/wp\/v2\/pages"}],"about":[{"href":"https:\/\/www.siemon.com\/de\/wp-json\/wp\/v2\/types\/page"}],"author":[{"embeddable":true,"href":"https:\/\/www.siemon.com\/de\/wp-json\/wp\/v2\/users\/1"}],"replies":[{"embeddable":true,"href":"https:\/\/www.siemon.com\/de\/wp-json\/wp\/v2\/comments?post=23761"}],"version-history":[{"count":0,"href":"https:\/\/www.siemon.com\/de\/wp-json\/wp\/v2\/pages\/23761\/revisions"}],"wp:featuredmedia":[{"embeddable":true,"href":"https:\/\/www.siemon.com\/de\/wp-json\/wp\/v2\/media\/12779"}],"wp:attachment":[{"href":"https:\/\/www.siemon.com\/de\/wp-json\/wp\/v2\/media?parent=23761"}],"curies":[{"name":"wp","href":"https:\/\/api.w.org\/{rel}","templated":true}]}}