{"id":23696,"date":"2023-10-05T15:01:32","date_gmt":"2023-10-05T15:01:32","guid":{"rendered":"https:\/\/www.siemon.com\/entwurfsdienstleistungen-fuer-rechenzentren\/"},"modified":"2025-04-11T03:11:46","modified_gmt":"2025-04-11T03:11:46","slug":"data-center-design-services","status":"publish","type":"page","link":"https:\/\/www.siemon.com\/de\/environments\/data-centers\/siemon-data-center-services\/data-center-design-services\/","title":{"rendered":"Entwurfsdienstleistungen f\u00fcr Rechenzentren"},"content":{"rendered":"","protected":false},"excerpt":{"rendered":"<p>Sie m\u00f6chten ein Rechenzentrum entwerfen, einrichten oder aufr\u00fcsten und ben\u00f6tigen fachkundige Beratung und Unterst\u00fctzung bei der Durchf\u00fchrung des Prozesses? Unser Team von DC Design-Experten ist bereit, Sie zu unterst\u00fctzen. <\/p>\n","protected":false},"author":1,"featured_media":23700,"parent":23722,"menu_order":1,"comment_status":"closed","ping_status":"closed","template":"","meta":{"_acf_changed":false,"inline_featured_image":false,"footnotes":""},"class_list":["post-23696","page","type-page","status-publish","has-post-thumbnail","hentry"],"acf":[],"yoast_head":"<!-- This site is optimized with the Yoast SEO Premium plugin v26.2 (Yoast SEO v27.3) - https:\/\/yoast.com\/product\/yoast-seo-premium-wordpress\/ -->\n<title>Entwurfsdienstleistungen f\u00fcr Rechenzentren: Gew\u00e4hrleistung optimaler Leistung und Zuverl\u00e4ssigkeit<\/title>\n<meta name=\"description\" content=\"Erleben Sie einen reibungslosen Rechenzentrumsbetrieb mit unseren umfassenden Design-Services. Steigern Sie die Effizienz und minimieren Sie Ausfallzeiten.\" \/>\n<meta name=\"robots\" content=\"index, follow, max-snippet:-1, max-image-preview:large, max-video-preview:-1\" \/>\n<link rel=\"canonical\" href=\"https:\/\/www.siemon.com\/de\/environments\/data-centers\/siemon-data-center-services\/data-center-design-services\/\" \/>\n<meta property=\"og:locale\" content=\"de_DE\" \/>\n<meta property=\"og:type\" content=\"article\" \/>\n<meta property=\"og:title\" content=\"Entwurfsdienstleistungen f\u00fcr Rechenzentren\" \/>\n<meta property=\"og:description\" content=\"Erleben Sie einen reibungslosen Rechenzentrumsbetrieb mit unseren umfassenden Design-Services. Steigern Sie die Effizienz und minimieren Sie Ausfallzeiten.\" \/>\n<meta property=\"og:url\" content=\"https:\/\/www.siemon.com\/de\/environments\/data-centers\/siemon-data-center-services\/data-center-design-services\/\" \/>\n<meta property=\"og:site_name\" content=\"Siemon\" \/>\n<meta property=\"article:publisher\" content=\"https:\/\/www.facebook.com\/siemoncabling\" \/>\n<meta property=\"article:modified_time\" content=\"2025-04-11T03:11:46+00:00\" \/>\n<meta property=\"og:image\" content=\"https:\/\/www.siemon.com\/wp-content\/uploads\/design-1.jpg\" \/>\n\t<meta property=\"og:image:width\" content=\"500\" \/>\n\t<meta property=\"og:image:height\" content=\"300\" \/>\n\t<meta property=\"og:image:type\" content=\"image\/jpeg\" \/>\n<meta name=\"twitter:card\" content=\"summary_large_image\" \/>\n<meta name=\"twitter:site\" content=\"@siemon\" \/>\n<meta name=\"twitter:label1\" content=\"Gesch\u00e4tzte Lesezeit\" \/>\n\t<meta name=\"twitter:data1\" content=\"1 Minute\" \/>\n<script type=\"application\/ld+json\" class=\"yoast-schema-graph\">{\"@context\":\"https:\\\/\\\/schema.org\",\"@graph\":[{\"@type\":\"WebPage\",\"@id\":\"https:\\\/\\\/www.siemon.com\\\/de\\\/environments\\\/data-centers\\\/siemon-data-center-services\\\/data-center-design-services\\\/\",\"url\":\"https:\\\/\\\/www.siemon.com\\\/de\\\/environments\\\/data-centers\\\/siemon-data-center-services\\\/data-center-design-services\\\/\",\"name\":\"Entwurfsdienstleistungen f\u00fcr Rechenzentren: Gew\u00e4hrleistung optimaler Leistung und Zuverl\u00e4ssigkeit\",\"isPartOf\":{\"@id\":\"https:\\\/\\\/www.siemon.com\\\/de\\\/#website\"},\"primaryImageOfPage\":{\"@id\":\"https:\\\/\\\/www.siemon.com\\\/de\\\/environments\\\/data-centers\\\/siemon-data-center-services\\\/data-center-design-services\\\/#primaryimage\"},\"image\":{\"@id\":\"https:\\\/\\\/www.siemon.com\\\/de\\\/environments\\\/data-centers\\\/siemon-data-center-services\\\/data-center-design-services\\\/#primaryimage\"},\"thumbnailUrl\":\"https:\\\/\\\/www.siemon.com\\\/wp-content\\\/uploads\\\/design-1.jpg\",\"datePublished\":\"2023-10-05T15:01:32+00:00\",\"dateModified\":\"2025-04-11T03:11:46+00:00\",\"description\":\"Erleben Sie einen reibungslosen Rechenzentrumsbetrieb mit unseren umfassenden Design-Services. Steigern Sie die Effizienz und minimieren Sie Ausfallzeiten.\",\"breadcrumb\":{\"@id\":\"https:\\\/\\\/www.siemon.com\\\/de\\\/environments\\\/data-centers\\\/siemon-data-center-services\\\/data-center-design-services\\\/#breadcrumb\"},\"inLanguage\":\"de-DE\",\"potentialAction\":[{\"@type\":\"ReadAction\",\"target\":[\"https:\\\/\\\/www.siemon.com\\\/de\\\/environments\\\/data-centers\\\/siemon-data-center-services\\\/data-center-design-services\\\/\"]}]},{\"@type\":\"ImageObject\",\"inLanguage\":\"de-DE\",\"@id\":\"https:\\\/\\\/www.siemon.com\\\/de\\\/environments\\\/data-centers\\\/siemon-data-center-services\\\/data-center-design-services\\\/#primaryimage\",\"url\":\"https:\\\/\\\/www.siemon.com\\\/wp-content\\\/uploads\\\/design-1.jpg\",\"contentUrl\":\"https:\\\/\\\/www.siemon.com\\\/wp-content\\\/uploads\\\/design-1.jpg\",\"width\":500,\"height\":300},{\"@type\":\"BreadcrumbList\",\"@id\":\"https:\\\/\\\/www.siemon.com\\\/de\\\/environments\\\/data-centers\\\/siemon-data-center-services\\\/data-center-design-services\\\/#breadcrumb\",\"itemListElement\":[{\"@type\":\"ListItem\",\"position\":1,\"name\":\"Home\",\"item\":\"https:\\\/\\\/www.siemon.com\\\/de\\\/\"},{\"@type\":\"ListItem\",\"position\":2,\"name\":\"Ihre Umgebungen\",\"item\":\"https:\\\/\\\/www.siemon.com\\\/de\\\/environments\\\/\"},{\"@type\":\"ListItem\",\"position\":3,\"name\":\"Daten-Zentren\",\"item\":\"https:\\\/\\\/www.siemon.com\\\/de\\\/environments\\\/data-centers\\\/\"},{\"@type\":\"ListItem\",\"position\":4,\"name\":\"Siemon Dienstleistungen f\u00fcr Rechenzentren\",\"item\":\"https:\\\/\\\/www.siemon.com\\\/de\\\/environments\\\/data-centers\\\/siemon-data-center-services\\\/\"},{\"@type\":\"ListItem\",\"position\":5,\"name\":\"Entwurfsdienstleistungen f\u00fcr Rechenzentren\"}]},{\"@type\":\"WebSite\",\"@id\":\"https:\\\/\\\/www.siemon.com\\\/de\\\/#website\",\"url\":\"https:\\\/\\\/www.siemon.com\\\/de\\\/\",\"name\":\"Siemon\",\"description\":\"\",\"publisher\":{\"@id\":\"https:\\\/\\\/www.siemon.com\\\/de\\\/#organization\"},\"potentialAction\":[{\"@type\":\"SearchAction\",\"target\":{\"@type\":\"EntryPoint\",\"urlTemplate\":\"https:\\\/\\\/www.siemon.com\\\/de\\\/?s={search_term_string}\"},\"query-input\":{\"@type\":\"PropertyValueSpecification\",\"valueRequired\":true,\"valueName\":\"search_term_string\"}}],\"inLanguage\":\"de-DE\"},{\"@type\":\"Organization\",\"@id\":\"https:\\\/\\\/www.siemon.com\\\/de\\\/#organization\",\"name\":\"Siemon\",\"url\":\"https:\\\/\\\/www.siemon.com\\\/de\\\/\",\"logo\":{\"@type\":\"ImageObject\",\"inLanguage\":\"de-DE\",\"@id\":\"https:\\\/\\\/www.siemon.com\\\/de\\\/#\\\/schema\\\/logo\\\/image\\\/\",\"url\":\"https:\\\/\\\/www.siemon.com\\\/wp-content\\\/uploads\\\/Siemon_Logo-1.jpg\",\"contentUrl\":\"https:\\\/\\\/www.siemon.com\\\/wp-content\\\/uploads\\\/Siemon_Logo-1.jpg\",\"width\":1800,\"height\":500,\"caption\":\"Siemon\"},\"image\":{\"@id\":\"https:\\\/\\\/www.siemon.com\\\/de\\\/#\\\/schema\\\/logo\\\/image\\\/\"},\"sameAs\":[\"https:\\\/\\\/www.facebook.com\\\/siemoncabling\",\"https:\\\/\\\/x.com\\\/siemon\",\"https:\\\/\\\/www.youtube.com\\\/user\\\/SiemonNetworkCabling\",\"https:\\\/\\\/www.linkedin.com\\\/company\\\/the-siemon-company\\\/\",\"https:\\\/\\\/www.instagram.com\\\/siemon_company\\\/\"]}]}<\/script>\n<!-- \/ Yoast SEO Premium plugin. -->","yoast_head_json":{"title":"Entwurfsdienstleistungen f\u00fcr Rechenzentren: Gew\u00e4hrleistung optimaler Leistung und Zuverl\u00e4ssigkeit","description":"Erleben Sie einen reibungslosen Rechenzentrumsbetrieb mit unseren umfassenden Design-Services. Steigern Sie die Effizienz und minimieren Sie Ausfallzeiten.","robots":{"index":"index","follow":"follow","max-snippet":"max-snippet:-1","max-image-preview":"max-image-preview:large","max-video-preview":"max-video-preview:-1"},"canonical":"https:\/\/www.siemon.com\/de\/environments\/data-centers\/siemon-data-center-services\/data-center-design-services\/","og_locale":"de_DE","og_type":"article","og_title":"Entwurfsdienstleistungen f\u00fcr Rechenzentren","og_description":"Erleben Sie einen reibungslosen Rechenzentrumsbetrieb mit unseren umfassenden Design-Services. Steigern Sie die Effizienz und minimieren Sie Ausfallzeiten.","og_url":"https:\/\/www.siemon.com\/de\/environments\/data-centers\/siemon-data-center-services\/data-center-design-services\/","og_site_name":"Siemon","article_publisher":"https:\/\/www.facebook.com\/siemoncabling","article_modified_time":"2025-04-11T03:11:46+00:00","og_image":[{"width":500,"height":300,"url":"https:\/\/www.siemon.com\/wp-content\/uploads\/design-1.jpg","type":"image\/jpeg"}],"twitter_card":"summary_large_image","twitter_site":"@siemon","twitter_misc":{"Gesch\u00e4tzte Lesezeit":"1 Minute"},"schema":{"@context":"https:\/\/schema.org","@graph":[{"@type":"WebPage","@id":"https:\/\/www.siemon.com\/de\/environments\/data-centers\/siemon-data-center-services\/data-center-design-services\/","url":"https:\/\/www.siemon.com\/de\/environments\/data-centers\/siemon-data-center-services\/data-center-design-services\/","name":"Entwurfsdienstleistungen f\u00fcr Rechenzentren: Gew\u00e4hrleistung optimaler Leistung und Zuverl\u00e4ssigkeit","isPartOf":{"@id":"https:\/\/www.siemon.com\/de\/#website"},"primaryImageOfPage":{"@id":"https:\/\/www.siemon.com\/de\/environments\/data-centers\/siemon-data-center-services\/data-center-design-services\/#primaryimage"},"image":{"@id":"https:\/\/www.siemon.com\/de\/environments\/data-centers\/siemon-data-center-services\/data-center-design-services\/#primaryimage"},"thumbnailUrl":"https:\/\/www.siemon.com\/wp-content\/uploads\/design-1.jpg","datePublished":"2023-10-05T15:01:32+00:00","dateModified":"2025-04-11T03:11:46+00:00","description":"Erleben Sie einen reibungslosen Rechenzentrumsbetrieb mit unseren umfassenden Design-Services. Steigern Sie die Effizienz und minimieren Sie Ausfallzeiten.","breadcrumb":{"@id":"https:\/\/www.siemon.com\/de\/environments\/data-centers\/siemon-data-center-services\/data-center-design-services\/#breadcrumb"},"inLanguage":"de-DE","potentialAction":[{"@type":"ReadAction","target":["https:\/\/www.siemon.com\/de\/environments\/data-centers\/siemon-data-center-services\/data-center-design-services\/"]}]},{"@type":"ImageObject","inLanguage":"de-DE","@id":"https:\/\/www.siemon.com\/de\/environments\/data-centers\/siemon-data-center-services\/data-center-design-services\/#primaryimage","url":"https:\/\/www.siemon.com\/wp-content\/uploads\/design-1.jpg","contentUrl":"https:\/\/www.siemon.com\/wp-content\/uploads\/design-1.jpg","width":500,"height":300},{"@type":"BreadcrumbList","@id":"https:\/\/www.siemon.com\/de\/environments\/data-centers\/siemon-data-center-services\/data-center-design-services\/#breadcrumb","itemListElement":[{"@type":"ListItem","position":1,"name":"Home","item":"https:\/\/www.siemon.com\/de\/"},{"@type":"ListItem","position":2,"name":"Ihre Umgebungen","item":"https:\/\/www.siemon.com\/de\/environments\/"},{"@type":"ListItem","position":3,"name":"Daten-Zentren","item":"https:\/\/www.siemon.com\/de\/environments\/data-centers\/"},{"@type":"ListItem","position":4,"name":"Siemon Dienstleistungen f\u00fcr Rechenzentren","item":"https:\/\/www.siemon.com\/de\/environments\/data-centers\/siemon-data-center-services\/"},{"@type":"ListItem","position":5,"name":"Entwurfsdienstleistungen f\u00fcr Rechenzentren"}]},{"@type":"WebSite","@id":"https:\/\/www.siemon.com\/de\/#website","url":"https:\/\/www.siemon.com\/de\/","name":"Siemon","description":"","publisher":{"@id":"https:\/\/www.siemon.com\/de\/#organization"},"potentialAction":[{"@type":"SearchAction","target":{"@type":"EntryPoint","urlTemplate":"https:\/\/www.siemon.com\/de\/?s={search_term_string}"},"query-input":{"@type":"PropertyValueSpecification","valueRequired":true,"valueName":"search_term_string"}}],"inLanguage":"de-DE"},{"@type":"Organization","@id":"https:\/\/www.siemon.com\/de\/#organization","name":"Siemon","url":"https:\/\/www.siemon.com\/de\/","logo":{"@type":"ImageObject","inLanguage":"de-DE","@id":"https:\/\/www.siemon.com\/de\/#\/schema\/logo\/image\/","url":"https:\/\/www.siemon.com\/wp-content\/uploads\/Siemon_Logo-1.jpg","contentUrl":"https:\/\/www.siemon.com\/wp-content\/uploads\/Siemon_Logo-1.jpg","width":1800,"height":500,"caption":"Siemon"},"image":{"@id":"https:\/\/www.siemon.com\/de\/#\/schema\/logo\/image\/"},"sameAs":["https:\/\/www.facebook.com\/siemoncabling","https:\/\/x.com\/siemon","https:\/\/www.youtube.com\/user\/SiemonNetworkCabling","https:\/\/www.linkedin.com\/company\/the-siemon-company\/","https:\/\/www.instagram.com\/siemon_company\/"]}]}},"_links":{"self":[{"href":"https:\/\/www.siemon.com\/de\/wp-json\/wp\/v2\/pages\/23696","targetHints":{"allow":["GET"]}}],"collection":[{"href":"https:\/\/www.siemon.com\/de\/wp-json\/wp\/v2\/pages"}],"about":[{"href":"https:\/\/www.siemon.com\/de\/wp-json\/wp\/v2\/types\/page"}],"author":[{"embeddable":true,"href":"https:\/\/www.siemon.com\/de\/wp-json\/wp\/v2\/users\/1"}],"replies":[{"embeddable":true,"href":"https:\/\/www.siemon.com\/de\/wp-json\/wp\/v2\/comments?post=23696"}],"version-history":[{"count":0,"href":"https:\/\/www.siemon.com\/de\/wp-json\/wp\/v2\/pages\/23696\/revisions"}],"up":[{"embeddable":true,"href":"https:\/\/www.siemon.com\/de\/wp-json\/wp\/v2\/pages\/23722"}],"wp:featuredmedia":[{"embeddable":true,"href":"https:\/\/www.siemon.com\/de\/wp-json\/wp\/v2\/media\/23700"}],"wp:attachment":[{"href":"https:\/\/www.siemon.com\/de\/wp-json\/wp\/v2\/media?parent=23696"}],"curies":[{"name":"wp","href":"https:\/\/api.w.org\/{rel}","templated":true}]}}