{"id":23656,"date":"2024-04-24T15:33:44","date_gmt":"2024-04-24T15:33:44","guid":{"rendered":"https:\/\/www.siemon.com\/solutions\/anhaenge\/"},"modified":"2025-04-11T03:33:30","modified_gmt":"2025-04-11T03:33:30","slug":"enclosures","status":"publish","type":"page","link":"https:\/\/www.siemon.com\/de\/solutions\/enclosures\/","title":{"rendered":"Anh\u00e4nge"},"content":{"rendered":"","protected":false},"excerpt":{"rendered":"","protected":false},"author":2,"featured_media":11077,"parent":21435,"menu_order":5,"comment_status":"closed","ping_status":"closed","template":"","meta":{"_acf_changed":false,"inline_featured_image":false,"footnotes":""},"class_list":["post-23656","page","type-page","status-publish","has-post-thumbnail","hentry"],"acf":[],"yoast_head":"<!-- This site is optimized with the Yoast SEO Premium plugin v26.2 (Yoast SEO v27.3) - https:\/\/yoast.com\/product\/yoast-seo-premium-wordpress\/ -->\n<title>Siemon Umschlie\u00dfungen: Der Schl\u00fcssel zu organisierten und effizienten Netzwerken<\/title>\n<meta name=\"description\" content=\"Finden Sie das perfekte Siemon Geh\u00e4use f\u00fcr Ihre Netzwerkanforderungen. Unsere zuverl\u00e4ssigen und langlebigen L\u00f6sungen bieten effektiven Schutz und Organisation f\u00fcr Ihre Ger\u00e4te.\" \/>\n<meta name=\"robots\" content=\"index, follow, max-snippet:-1, max-image-preview:large, max-video-preview:-1\" \/>\n<link rel=\"canonical\" href=\"https:\/\/www.siemon.com\/de\/solutions\/enclosures\/\" \/>\n<meta property=\"og:locale\" content=\"de_DE\" \/>\n<meta property=\"og:type\" content=\"article\" \/>\n<meta property=\"og:title\" content=\"Anh\u00e4nge\" \/>\n<meta property=\"og:description\" content=\"Finden Sie das perfekte Siemon Geh\u00e4use f\u00fcr Ihre Netzwerkanforderungen. Unsere zuverl\u00e4ssigen und langlebigen L\u00f6sungen bieten effektiven Schutz und Organisation f\u00fcr Ihre Ger\u00e4te.\" \/>\n<meta property=\"og:url\" content=\"https:\/\/www.siemon.com\/de\/solutions\/enclosures\/\" \/>\n<meta property=\"og:site_name\" content=\"Siemon\" \/>\n<meta property=\"article:publisher\" content=\"https:\/\/www.facebook.com\/siemoncabling\" \/>\n<meta property=\"article:modified_time\" content=\"2025-04-11T03:33:30+00:00\" \/>\n<meta property=\"og:image\" content=\"https:\/\/www.siemon.com\/wp-content\/uploads\/Siemon_Solution_Enclosures_Featured.jpg\" \/>\n\t<meta property=\"og:image:width\" content=\"800\" \/>\n\t<meta property=\"og:image:height\" content=\"500\" \/>\n\t<meta property=\"og:image:type\" content=\"image\/jpeg\" \/>\n<meta name=\"twitter:card\" content=\"summary_large_image\" \/>\n<meta name=\"twitter:site\" content=\"@siemon\" \/>\n<meta name=\"twitter:label1\" content=\"Gesch\u00e4tzte Lesezeit\" \/>\n\t<meta name=\"twitter:data1\" content=\"1 Minute\" \/>\n<script type=\"application\/ld+json\" class=\"yoast-schema-graph\">{\"@context\":\"https:\\\/\\\/schema.org\",\"@graph\":[{\"@type\":\"WebPage\",\"@id\":\"https:\\\/\\\/www.siemon.com\\\/de\\\/solutions\\\/enclosures\\\/\",\"url\":\"https:\\\/\\\/www.siemon.com\\\/de\\\/solutions\\\/enclosures\\\/\",\"name\":\"Siemon Umschlie\u00dfungen: Der Schl\u00fcssel zu organisierten und effizienten Netzwerken\",\"isPartOf\":{\"@id\":\"https:\\\/\\\/www.siemon.com\\\/de\\\/#website\"},\"primaryImageOfPage\":{\"@id\":\"https:\\\/\\\/www.siemon.com\\\/de\\\/solutions\\\/enclosures\\\/#primaryimage\"},\"image\":{\"@id\":\"https:\\\/\\\/www.siemon.com\\\/de\\\/solutions\\\/enclosures\\\/#primaryimage\"},\"thumbnailUrl\":\"https:\\\/\\\/www.siemon.com\\\/wp-content\\\/uploads\\\/Siemon_Solution_Enclosures_Featured.jpg\",\"datePublished\":\"2024-04-24T15:33:44+00:00\",\"dateModified\":\"2025-04-11T03:33:30+00:00\",\"description\":\"Finden Sie das perfekte Siemon Geh\u00e4use f\u00fcr Ihre Netzwerkanforderungen. Unsere zuverl\u00e4ssigen und langlebigen L\u00f6sungen bieten effektiven Schutz und Organisation f\u00fcr Ihre Ger\u00e4te.\",\"breadcrumb\":{\"@id\":\"https:\\\/\\\/www.siemon.com\\\/de\\\/solutions\\\/enclosures\\\/#breadcrumb\"},\"inLanguage\":\"de-DE\",\"potentialAction\":[{\"@type\":\"ReadAction\",\"target\":[\"https:\\\/\\\/www.siemon.com\\\/de\\\/solutions\\\/enclosures\\\/\"]}]},{\"@type\":\"ImageObject\",\"inLanguage\":\"de-DE\",\"@id\":\"https:\\\/\\\/www.siemon.com\\\/de\\\/solutions\\\/enclosures\\\/#primaryimage\",\"url\":\"https:\\\/\\\/www.siemon.com\\\/wp-content\\\/uploads\\\/Siemon_Solution_Enclosures_Featured.jpg\",\"contentUrl\":\"https:\\\/\\\/www.siemon.com\\\/wp-content\\\/uploads\\\/Siemon_Solution_Enclosures_Featured.jpg\",\"width\":800,\"height\":500,\"caption\":\"Enclosures_Featured\"},{\"@type\":\"BreadcrumbList\",\"@id\":\"https:\\\/\\\/www.siemon.com\\\/de\\\/solutions\\\/enclosures\\\/#breadcrumb\",\"itemListElement\":[{\"@type\":\"ListItem\",\"position\":1,\"name\":\"Home\",\"item\":\"https:\\\/\\\/www.siemon.com\\\/de\\\/\"},{\"@type\":\"ListItem\",\"position\":2,\"name\":\"L\u00f6sungen\",\"item\":\"https:\\\/\\\/www.siemon.com\\\/de\\\/solutions\\\/\"},{\"@type\":\"ListItem\",\"position\":3,\"name\":\"Anh\u00e4nge\"}]},{\"@type\":\"WebSite\",\"@id\":\"https:\\\/\\\/www.siemon.com\\\/de\\\/#website\",\"url\":\"https:\\\/\\\/www.siemon.com\\\/de\\\/\",\"name\":\"Siemon\",\"description\":\"\",\"publisher\":{\"@id\":\"https:\\\/\\\/www.siemon.com\\\/de\\\/#organization\"},\"potentialAction\":[{\"@type\":\"SearchAction\",\"target\":{\"@type\":\"EntryPoint\",\"urlTemplate\":\"https:\\\/\\\/www.siemon.com\\\/de\\\/?s={search_term_string}\"},\"query-input\":{\"@type\":\"PropertyValueSpecification\",\"valueRequired\":true,\"valueName\":\"search_term_string\"}}],\"inLanguage\":\"de-DE\"},{\"@type\":\"Organization\",\"@id\":\"https:\\\/\\\/www.siemon.com\\\/de\\\/#organization\",\"name\":\"Siemon\",\"url\":\"https:\\\/\\\/www.siemon.com\\\/de\\\/\",\"logo\":{\"@type\":\"ImageObject\",\"inLanguage\":\"de-DE\",\"@id\":\"https:\\\/\\\/www.siemon.com\\\/de\\\/#\\\/schema\\\/logo\\\/image\\\/\",\"url\":\"https:\\\/\\\/www.siemon.com\\\/wp-content\\\/uploads\\\/Siemon_Logo-1.jpg\",\"contentUrl\":\"https:\\\/\\\/www.siemon.com\\\/wp-content\\\/uploads\\\/Siemon_Logo-1.jpg\",\"width\":1800,\"height\":500,\"caption\":\"Siemon\"},\"image\":{\"@id\":\"https:\\\/\\\/www.siemon.com\\\/de\\\/#\\\/schema\\\/logo\\\/image\\\/\"},\"sameAs\":[\"https:\\\/\\\/www.facebook.com\\\/siemoncabling\",\"https:\\\/\\\/x.com\\\/siemon\",\"https:\\\/\\\/www.youtube.com\\\/user\\\/SiemonNetworkCabling\",\"https:\\\/\\\/www.linkedin.com\\\/company\\\/the-siemon-company\\\/\",\"https:\\\/\\\/www.instagram.com\\\/siemon_company\\\/\"]}]}<\/script>\n<!-- \/ Yoast SEO Premium plugin. -->","yoast_head_json":{"title":"Siemon Umschlie\u00dfungen: Der Schl\u00fcssel zu organisierten und effizienten Netzwerken","description":"Finden Sie das perfekte Siemon Geh\u00e4use f\u00fcr Ihre Netzwerkanforderungen. Unsere zuverl\u00e4ssigen und langlebigen L\u00f6sungen bieten effektiven Schutz und Organisation f\u00fcr Ihre Ger\u00e4te.","robots":{"index":"index","follow":"follow","max-snippet":"max-snippet:-1","max-image-preview":"max-image-preview:large","max-video-preview":"max-video-preview:-1"},"canonical":"https:\/\/www.siemon.com\/de\/solutions\/enclosures\/","og_locale":"de_DE","og_type":"article","og_title":"Anh\u00e4nge","og_description":"Finden Sie das perfekte Siemon Geh\u00e4use f\u00fcr Ihre Netzwerkanforderungen. Unsere zuverl\u00e4ssigen und langlebigen L\u00f6sungen bieten effektiven Schutz und Organisation f\u00fcr Ihre Ger\u00e4te.","og_url":"https:\/\/www.siemon.com\/de\/solutions\/enclosures\/","og_site_name":"Siemon","article_publisher":"https:\/\/www.facebook.com\/siemoncabling","article_modified_time":"2025-04-11T03:33:30+00:00","og_image":[{"width":800,"height":500,"url":"https:\/\/www.siemon.com\/wp-content\/uploads\/Siemon_Solution_Enclosures_Featured.jpg","type":"image\/jpeg"}],"twitter_card":"summary_large_image","twitter_site":"@siemon","twitter_misc":{"Gesch\u00e4tzte Lesezeit":"1 Minute"},"schema":{"@context":"https:\/\/schema.org","@graph":[{"@type":"WebPage","@id":"https:\/\/www.siemon.com\/de\/solutions\/enclosures\/","url":"https:\/\/www.siemon.com\/de\/solutions\/enclosures\/","name":"Siemon Umschlie\u00dfungen: Der Schl\u00fcssel zu organisierten und effizienten Netzwerken","isPartOf":{"@id":"https:\/\/www.siemon.com\/de\/#website"},"primaryImageOfPage":{"@id":"https:\/\/www.siemon.com\/de\/solutions\/enclosures\/#primaryimage"},"image":{"@id":"https:\/\/www.siemon.com\/de\/solutions\/enclosures\/#primaryimage"},"thumbnailUrl":"https:\/\/www.siemon.com\/wp-content\/uploads\/Siemon_Solution_Enclosures_Featured.jpg","datePublished":"2024-04-24T15:33:44+00:00","dateModified":"2025-04-11T03:33:30+00:00","description":"Finden Sie das perfekte Siemon Geh\u00e4use f\u00fcr Ihre Netzwerkanforderungen. Unsere zuverl\u00e4ssigen und langlebigen L\u00f6sungen bieten effektiven Schutz und Organisation f\u00fcr Ihre Ger\u00e4te.","breadcrumb":{"@id":"https:\/\/www.siemon.com\/de\/solutions\/enclosures\/#breadcrumb"},"inLanguage":"de-DE","potentialAction":[{"@type":"ReadAction","target":["https:\/\/www.siemon.com\/de\/solutions\/enclosures\/"]}]},{"@type":"ImageObject","inLanguage":"de-DE","@id":"https:\/\/www.siemon.com\/de\/solutions\/enclosures\/#primaryimage","url":"https:\/\/www.siemon.com\/wp-content\/uploads\/Siemon_Solution_Enclosures_Featured.jpg","contentUrl":"https:\/\/www.siemon.com\/wp-content\/uploads\/Siemon_Solution_Enclosures_Featured.jpg","width":800,"height":500,"caption":"Enclosures_Featured"},{"@type":"BreadcrumbList","@id":"https:\/\/www.siemon.com\/de\/solutions\/enclosures\/#breadcrumb","itemListElement":[{"@type":"ListItem","position":1,"name":"Home","item":"https:\/\/www.siemon.com\/de\/"},{"@type":"ListItem","position":2,"name":"L\u00f6sungen","item":"https:\/\/www.siemon.com\/de\/solutions\/"},{"@type":"ListItem","position":3,"name":"Anh\u00e4nge"}]},{"@type":"WebSite","@id":"https:\/\/www.siemon.com\/de\/#website","url":"https:\/\/www.siemon.com\/de\/","name":"Siemon","description":"","publisher":{"@id":"https:\/\/www.siemon.com\/de\/#organization"},"potentialAction":[{"@type":"SearchAction","target":{"@type":"EntryPoint","urlTemplate":"https:\/\/www.siemon.com\/de\/?s={search_term_string}"},"query-input":{"@type":"PropertyValueSpecification","valueRequired":true,"valueName":"search_term_string"}}],"inLanguage":"de-DE"},{"@type":"Organization","@id":"https:\/\/www.siemon.com\/de\/#organization","name":"Siemon","url":"https:\/\/www.siemon.com\/de\/","logo":{"@type":"ImageObject","inLanguage":"de-DE","@id":"https:\/\/www.siemon.com\/de\/#\/schema\/logo\/image\/","url":"https:\/\/www.siemon.com\/wp-content\/uploads\/Siemon_Logo-1.jpg","contentUrl":"https:\/\/www.siemon.com\/wp-content\/uploads\/Siemon_Logo-1.jpg","width":1800,"height":500,"caption":"Siemon"},"image":{"@id":"https:\/\/www.siemon.com\/de\/#\/schema\/logo\/image\/"},"sameAs":["https:\/\/www.facebook.com\/siemoncabling","https:\/\/x.com\/siemon","https:\/\/www.youtube.com\/user\/SiemonNetworkCabling","https:\/\/www.linkedin.com\/company\/the-siemon-company\/","https:\/\/www.instagram.com\/siemon_company\/"]}]}},"_links":{"self":[{"href":"https:\/\/www.siemon.com\/de\/wp-json\/wp\/v2\/pages\/23656","targetHints":{"allow":["GET"]}}],"collection":[{"href":"https:\/\/www.siemon.com\/de\/wp-json\/wp\/v2\/pages"}],"about":[{"href":"https:\/\/www.siemon.com\/de\/wp-json\/wp\/v2\/types\/page"}],"author":[{"embeddable":true,"href":"https:\/\/www.siemon.com\/de\/wp-json\/wp\/v2\/users\/2"}],"replies":[{"embeddable":true,"href":"https:\/\/www.siemon.com\/de\/wp-json\/wp\/v2\/comments?post=23656"}],"version-history":[{"count":0,"href":"https:\/\/www.siemon.com\/de\/wp-json\/wp\/v2\/pages\/23656\/revisions"}],"up":[{"embeddable":true,"href":"https:\/\/www.siemon.com\/de\/wp-json\/wp\/v2\/pages\/21435"}],"wp:featuredmedia":[{"embeddable":true,"href":"https:\/\/www.siemon.com\/de\/wp-json\/wp\/v2\/media\/11077"}],"wp:attachment":[{"href":"https:\/\/www.siemon.com\/de\/wp-json\/wp\/v2\/media?parent=23656"}],"curies":[{"name":"wp","href":"https:\/\/api.w.org\/{rel}","templated":true}]}}